{"id":670,"date":"2022-06-26T17:09:51","date_gmt":"2022-06-26T17:09:51","guid":{"rendered":"https:\/\/hotelgolfnatura.com?page_id=670"},"modified":"2023-12-04T09:39:21","modified_gmt":"2023-12-04T09:39:21","slug":"politica-de-privacidad","status":"publish","type":"page","link":"https:\/\/hotelgolfnatura.com\/fr\/politica-de-privacidad\/","title":{"rendered":"Politique de confidentialit\u00e9"},"content":{"rendered":"<div data-elementor-type=\"wp-page\" data-elementor-id=\"670\" class=\"elementor elementor-670\" data-elementor-post-type=\"page\">\n\t\t\t\t\t\t<section class=\"elementor-section elementor-top-section elementor-element elementor-element-190ad459 elementor-section-boxed elementor-section-height-default elementor-section-height-default\" data-id=\"190ad459\" data-element_type=\"section\" data-e-type=\"section\">\n\t\t\t\t\t\t<div class=\"elementor-container elementor-column-gap-default\">\n\t\t\t\t\t<div class=\"elementor-column elementor-col-100 elementor-top-column elementor-element elementor-element-88f2e67\" data-id=\"88f2e67\" data-element_type=\"column\" data-e-type=\"column\">\n\t\t\t<div class=\"elementor-widget-wrap elementor-element-populated\">\n\t\t\t\t\t\t<div class=\"elementor-element elementor-element-1489be31 elementor-widget elementor-widget-text-editor\" data-id=\"1489be31\" data-element_type=\"widget\" data-e-type=\"widget\" data-widget_type=\"text-editor.default\">\n\t\t\t\t<div class=\"elementor-widget-container\">\n\t\t\t\t\t\t\t\t\t<p><\/p>\n<div class=\"is-layout-flow wp-block-cover-is-layout-flow\" style=\"min-height: 473px;aspect-ratio:unset;\">\n<div>\n<p><\/p>\n<h1 class=\"wp-block-heading\">Politique de confidentialit\u00e9<\/h1>\n<p><\/p>\n<p>Derni\u00e8re mise \u00e0 jour : Janvier 2021.<\/p>\n<p><\/p>\n<\/div>\n<\/div>\n<p><\/p>\n<h1>Politique de confidentialit\u00e9<\/h1>\n<p><strong>1.<\/strong>\u00a0<strong>INFORMATION DES UTILISATEURS<\/strong><\/p>\n<p><\/p>\n<p><strong>H\u00d4TEL GOLF NATURA SL.<\/strong>en tant que contr\u00f4leur de donn\u00e9es, vous informe que, conform\u00e9ment aux dispositions du r\u00e8glement (UE) 2016\/679, du 27 avril, (RGPD) et de la L.O. 3\/2018, du 5 d\u00e9cembre, sur la protection des donn\u00e9es et la garantie des droits num\u00e9riques (LOPDGDD), nous traiterons vos donn\u00e9es comme le refl\u00e8te la pr\u00e9sente politique de confidentialit\u00e9.<\/p>\n<p>Dans cette politique de confidentialit\u00e9, nous d\u00e9crivons comment nous collectons vos donn\u00e9es personnelles et pourquoi nous les collectons, ce que nous en faisons, avec qui nous les partageons, comment nous les prot\u00e9geons et vos choix concernant la fa\u00e7on dont nous traitons vos donn\u00e9es personnelles.<\/p>\n<p>La pr\u00e9sente politique s'applique au traitement de vos donn\u00e9es personnelles collect\u00e9es par la soci\u00e9t\u00e9 pour la fourniture de ses services. Si vous acceptez les mesures de la pr\u00e9sente politique, vous acceptez que nous traitions vos donn\u00e9es personnelles comme d\u00e9fini dans la pr\u00e9sente politique.<\/p>\n<p><\/p>\n<p><strong>2. CONTACT<\/strong><\/p>\n<p><\/p>\n<p>Nom de la soci\u00e9t\u00e9 : <b>HOTEL GOLF NATURA SL<\/b><br \/>Nom commercial : <b>H\u00d4TEL DE GOLF NATURE<\/b><br \/>CIF :\u00a0<strong>\u00a0<\/strong><b>B25673765<\/b><br \/>Adresse :\u00a0<b><span style=\"background-color: var(--ast-global-color-4);\">Camp de golf de Pujada, 9<\/span> <span style=\"background-color: var(--ast-global-color-4);\">L\u00e9rida -Espagne\u00a0<\/span><span style=\"font-style: inherit; color: var(--ast-global-color-3); background-color: var(--ast-global-color-4);\">La Coma et la Pedra<\/span> <span style=\"font-style: inherit; color: var(--ast-global-color-3); background-color: var(--ast-global-color-4);\">25284<\/span><\/b><span style=\"font-style: inherit; background-color: var(--ast-global-color-4); color: var(--ast-global-color-3);\"><b>\u00a0<\/b><br \/><\/span><span style=\"font-style: inherit; font-weight: inherit; background-color: var(--ast-global-color-4); color: var(--ast-global-color-3);\">e-mail :\u00a0<\/span><strong style=\"font-style: inherit; background-color: var(--ast-global-color-4); color: var(--ast-global-color-3);\">info@hotelgolfnatura.com\/<\/strong><\/p>\n<p><strong>3. PRINCIPES CL\u00c9S<\/strong><\/p>\n<p><\/p>\n<p>Nous nous sommes toujours engag\u00e9s \u00e0 fournir nos services avec le plus haut degr\u00e9 de qualit\u00e9, ce qui inclut le traitement de vos donn\u00e9es de mani\u00e8re s\u00e9curis\u00e9e et transparente. Nos principes sont les suivants :<\/p>\n<ul>\n<li><strong>L\u00e9galit\u00e9<\/strong>Nous ne collectons vos donn\u00e9es personnelles qu'\u00e0 des fins sp\u00e9cifiques, explicites et l\u00e9gitimes.<\/li>\n<li><strong>Minimisation des donn\u00e9es<\/strong>Nous limitons la collecte de donn\u00e9es personnelles \u00e0 ce qui est strictement pertinent et n\u00e9cessaire aux fins pour lesquelles elles ont \u00e9t\u00e9 collect\u00e9es.<\/li>\n<li><strong>Limitation de l'objet<\/strong>Nous ne collectons vos donn\u00e9es personnelles qu'aux fins indiqu\u00e9es et conform\u00e9ment \u00e0 vos souhaits.<\/li>\n<li><strong>Pr\u00e9cision<\/strong>Nous veillerons \u00e0 ce que vos donn\u00e9es personnelles soient exactes et mises \u00e0 jour.<\/li>\n<li><strong>S\u00e9curit\u00e9 des donn\u00e9es<\/strong>Nous mettons en \u0153uvre des mesures techniques et organisationnelles appropri\u00e9es et proportionn\u00e9es aux risques afin de garantir que vos donn\u00e9es ne subissent pas de dommages, tels que la divulgation ou l'acc\u00e8s non autoris\u00e9, la destruction accidentelle ou illicite ou la perte ou l'alt\u00e9ration accidentelle et toute autre forme de traitement illicite.<\/li>\n<li><strong>Acc\u00e8s et rectification<\/strong>Nous vous donnons les moyens d'acc\u00e9der \u00e0 vos donn\u00e9es ou de les rectifier lorsque vous le jugez utile.<\/li>\n<li><strong>Conservation<\/strong>Nous conservons vos donn\u00e9es personnelles de mani\u00e8re l\u00e9gale et appropri\u00e9e et uniquement pendant la dur\u00e9e n\u00e9cessaire aux fins pour lesquelles elles ont \u00e9t\u00e9 collect\u00e9es.<\/li>\n<li><strong>Transferts internationaux<\/strong>si vos donn\u00e9es doivent \u00eatre transf\u00e9r\u00e9es en dehors de l'UE\/EEE, elles seront prot\u00e9g\u00e9es de mani\u00e8re ad\u00e9quate.<\/li>\n<li><strong>Tiers<\/strong>L'acc\u00e8s et le transfert de donn\u00e9es \u00e0 caract\u00e8re personnel \u00e0 des tiers sont effectu\u00e9s conform\u00e9ment aux lois et r\u00e8glements applicables et avec des garanties contractuelles appropri\u00e9es.<\/li>\n<li><strong>Marketing direct et cookies<\/strong>Nous respectons la l\u00e9gislation applicable en mati\u00e8re de publicit\u00e9 et de cookies.<\/li>\n<\/ul>\n<p><\/p>\n<p><!-- \/wp:list --><!-- wp:paragraph --><\/p>\n<p><strong>4. COLLECTE ET TRAITEMENT DE VOS DONN\u00c9ES PERSONNELLES<\/strong><\/p>\n<p>Les types de donn\u00e9es qui peuvent \u00eatre demand\u00e9es et trait\u00e9es sont les suivants :<\/p>\n<ul>\n<li>Donn\u00e9es de nature identifiante.<\/li>\n<\/ul>\n<p>Nous collectons \u00e9galement automatiquement des donn\u00e9es sur votre visite sur notre site Web, comme d\u00e9crit dans la politique en mati\u00e8re de cookies.<\/p>\n<p>Chaque fois que nous vous demanderons vos donn\u00e9es personnelles, nous vous informerons clairement des donn\u00e9es personnelles que nous collectons et de leur finalit\u00e9. D'une mani\u00e8re g\u00e9n\u00e9rale, nous collectons et traitons vos Donn\u00e9es Personnelles dans le but de :<\/p>\n<ul>\n<li>Fournir des informations, des services, des produits, des informations pertinentes et des nouvelles dans le secteur.<\/li>\n<li>Envoi de communications.<\/li>\n<\/ul>\n<p><!-- \/wp:list-item --><\/p>\n<p><!-- \/wp:list --><!-- wp:paragraph --><\/p>\n<p><strong>5. L\u00c9GITIMACIT\u00c9<\/strong><\/p>\n<p><!-- \/wp:paragraph --><!-- wp:paragraph --><\/p>\n<p>Conform\u00e9ment \u00e0 la l\u00e9gislation applicable en mati\u00e8re de protection des donn\u00e9es, vos donn\u00e9es personnelles peuvent \u00eatre trait\u00e9es \u00e0 condition que :<\/p>\n<ul>\n<li>Vous nous avez donn\u00e9 votre consentement aux fins du traitement. Vous pouvez bien entendu retirer votre consentement \u00e0 tout moment.<\/li>\n<li>Par obligation l\u00e9gale.<\/li>\n<li>Pour un int\u00e9r\u00eat l\u00e9gitime qui n'est pas remis en cause par vos droits \u00e0 la vie priv\u00e9e, comme par exemple vous envoyer des informations commerciales soit en vous abonnant \u00e0 notre newsletter, soit par votre statut de client.<\/li>\n<li>Parce qu'il est n\u00e9cessaire pour la fourniture de l'un de nos services dans le cadre d'une relation contractuelle entre vous et nous.<\/li>\n<\/ul>\n<p><!-- \/wp:list-item --><\/p>\n<p><!-- \/wp:list --><!-- wp:paragraph --><\/p>\n<p><strong>6. COMMUNICATION DES DONN\u00c9ES PERSONNELLES<\/strong><\/p>\n<p><!-- \/wp:paragraph --><!-- wp:paragraph --><\/p>\n<p>Les donn\u00e9es peuvent \u00eatre communiqu\u00e9es \u00e0 des entreprises li\u00e9es \u00e0\u00a0<b>H\u00d4TEL GOLF NATURA SL.<\/b>\u00a0pour la fourniture des diff\u00e9rents services en leur qualit\u00e9 de responsables du traitement des donn\u00e9es. L'entreprise ne proc\u00e9dera \u00e0 aucun transfert, sauf par obligation l\u00e9gale.<\/p>\n<p><!-- \/wp:paragraph --><!-- wp:paragraph --><\/p>\n<p><strong>7. VOS DROITS<\/strong><\/p>\n<p><!-- \/wp:paragraph --><!-- wp:paragraph --><\/p>\n<p>Dans le cadre de la collecte et du traitement de vos donn\u00e9es personnelles, vous pouvez nous contacter \u00e0 tout moment pour :<\/p>\n<ul>\n<li>Acc\u00e9der \u00e0 vos donn\u00e9es personnelles et \u00e0 toute autre information vis\u00e9e \u00e0 l'article 15.1 du GDPR.<\/li>\n<li>Rectifier vos donn\u00e9es personnelles qui sont inexactes ou incompl\u00e8tes conform\u00e9ment \u00e0 l'article 16 du GDPR.<\/li>\n<li>Supprimer vos donn\u00e9es personnelles conform\u00e9ment \u00e0 l'article 17 du GDPR.<\/li>\n<li>Pour restreindre le traitement de vos donn\u00e9es personnelles conform\u00e9ment \u00e0 l'article 18 du GDPR.<\/li>\n<li>Demander la portabilit\u00e9 de vos donn\u00e9es conform\u00e9ment \u00e0 l'article 20 de la loi sur la protection des donn\u00e9es.\u00a0<a href=\"https:\/\/presencialismo.com\/\" target=\"_blank\" rel=\"noreferrer noopener\">GDPR<\/a>.<\/li>\n<li>s'opposer au traitement de vos donn\u00e9es personnelles conform\u00e9ment \u00e0 l'article 21 du GDPR.<\/li>\n<\/ul>\n<p>Si vous avez donn\u00e9 votre consentement pour une finalit\u00e9 sp\u00e9cifique, vous avez le droit de retirer votre consentement \u00e0 tout moment, sans que cela n'affecte la lic\u00e9it\u00e9 du traitement fond\u00e9 sur votre consentement avant son retrait.\u00a0<a href=\"https:\/\/presencialismo.com\/\" target=\"_blank\" rel=\"noreferrer noopener\">hr<\/a>.<\/p>\n<p>Vous pouvez exercer ces droits en envoyant une communication motiv\u00e9e et accr\u00e9dit\u00e9e \u00e0 <b>HOTEL GOLF NATURA SL<\/b>, r\u00e9side au\u00a0<span style=\"font-weight: bold;\"><span style=\"background-color: var(--ast-global-color-4);\">Camp de golf de Pujada, 9\u00a0<\/span><span style=\"background-color: var(--ast-global-color-4);\">L\u00e9rida \u2013 Espagne\u00a0<\/span><span style=\"font-style: inherit; color: var(--ast-global-color-3); background-color: var(--ast-global-color-4);\">La Coma et la Pedra\u00a0<\/span><span style=\"font-style: inherit; color: var(--ast-global-color-3); background-color: var(--ast-global-color-4);\">25284<\/span><\/span><span style=\"color: var(--ast-global-color-3); font-style: inherit; background-color: var(--ast-global-color-4);\"><span style=\"font-weight: bold;\">\u00a0<\/span><\/span>\u00a0ou par e-mail \u00e0 info@hotelgolfnatura.com\/.<\/p>\n<p>Vous avez \u00e9galement le droit de d\u00e9poser une plainte aupr\u00e8s de l&#039;autorit\u00e9 de contr\u00f4le comp\u00e9tente. <span style=\"color: #339966;\">(<a style=\"color: #339966;\" href=\"https:\/\/aepd.es\/\" target=\"_blank\" rel=\"noreferrer noopener\">www.aepd.es<\/a>)<\/span> si vous consid\u00e9rez que le traitement n&#039;est pas conforme \u00e0 la r\u00e9glementation en vigueur.<\/p>\n<p><!-- \/wp:paragraph --><!-- wp:paragraph --><\/p>\n<p><strong>8. INFORMATION JURIDIQUE<\/strong><\/p>\n<p>Les exigences de la pr\u00e9sente politique compl\u00e8tent, et ne remplacent pas, toute autre exigence existant en vertu de la l\u00e9gislation applicable en mati\u00e8re de protection des donn\u00e9es, qui pr\u00e9vaudra en tout \u00e9tat de cause.<\/p>\n<p>Cette politique est soumise \u00e0 une r\u00e9vision p\u00e9riodique et peut \u00eatre modifi\u00e9e par la soci\u00e9t\u00e9 \u00e0 tout moment. Dans ce cas, nous vous informerons de tout changement et vous demanderons de relire la version la plus r\u00e9cente de notre politique et de confirmer votre acceptation.<\/p>\n<p><!-- \/wp:paragraph --><\/p>\t\t\t\t\t\t\t\t<\/div>\n\t\t\t\t<\/div>\n\t\t\t\t\t<\/div>\n\t\t<\/div>\n\t\t\t\t\t<\/div>\n\t\t<\/section>\n\t\t\t\t<\/div>","protected":false},"excerpt":{"rendered":"<p>Pol\u00edtica de Privacidad 1.\u00a0INFORMACI\u00d3N AL USUARIO HOTEL GOLF NATURA SL., como Responsable del Tratamiento, le informa que, seg\u00fan lo dispuesto en el Reglamento (UE) 2016\/679, de 27 de abril, (RGPD) y en la L.O. 3\/2018, de 5 de diciembre, de protecci\u00f3n de datos y garant\u00eda de los derechos digitales (LOPDGDD), trataremos su datos tal y [&hellip;]<\/p>\n","protected":false},"author":2,"featured_media":0,"parent":0,"menu_order":0,"comment_status":"closed","ping_status":"closed","template":"","meta":{"site-sidebar-layout":"no-sidebar","site-content-layout":"plain-container","ast-site-content-layout":"","site-content-style":"default","site-sidebar-style":"default","ast-global-header-display":"","ast-banner-title-visibility":"","ast-main-header-display":"","ast-hfb-above-header-display":"","ast-hfb-below-header-display":"","ast-hfb-mobile-header-display":"","site-post-title":"disabled","ast-breadcrumbs-content":"","ast-featured-img":"disabled","footer-sml-layout":"","theme-transparent-header-meta":"enabled","adv-header-id-meta":"","stick-header-meta":"","header-above-stick-meta":"","header-main-stick-meta":"","header-below-stick-meta":"","astra-migrate-meta-layouts":"default","ast-page-background-enabled":"default","ast-page-background-meta":{"desktop":{"background-color":"","background-image":"","background-repeat":"repeat","background-position":"center center","background-size":"auto","background-attachment":"scroll","background-type":"","background-media":"","overlay-type":"","overlay-color":"","overlay-gradient":""},"tablet":{"background-color":"","background-image":"","background-repeat":"repeat","background-position":"center center","background-size":"auto","background-attachment":"scroll","background-type":"","background-media":"","overlay-type":"","overlay-color":"","overlay-gradient":""},"mobile":{"background-color":"","background-image":"","background-repeat":"repeat","background-position":"center center","background-size":"auto","background-attachment":"scroll","background-type":"","background-media":"","overlay-type":"","overlay-color":"","overlay-gradient":""}},"ast-content-background-meta":{"desktop":{"background-color":"var(--ast-global-color-5)","background-image":"","background-repeat":"repeat","background-position":"center center","background-size":"auto","background-attachment":"scroll","background-type":"","background-media":"","overlay-type":"","overlay-color":"","overlay-gradient":""},"tablet":{"background-color":"var(--ast-global-color-5)","background-image":"","background-repeat":"repeat","background-position":"center center","background-size":"auto","background-attachment":"scroll","background-type":"","background-media":"","overlay-type":"","overlay-color":"","overlay-gradient":""},"mobile":{"background-color":"var(--ast-global-color-5)","background-image":"","background-repeat":"repeat","background-position":"center center","background-size":"auto","background-attachment":"scroll","background-type":"","background-media":"","overlay-type":"","overlay-color":"","overlay-gradient":""}},"footnotes":""},"class_list":["post-670","page","type-page","status-publish","hentry"],"yoast_head":"<!-- This site is optimized with the Yoast SEO plugin v27.1.1 - https:\/\/yoast.com\/product\/yoast-seo-wordpress\/ -->\n<title>Pol\u00edtica de Privacidad - Hotel Golf Natura | Hotel en Port del Comte | Web Oficial<\/title>\n<meta name=\"robots\" content=\"index, follow, max-snippet:-1, max-image-preview:large, max-video-preview:-1\" \/>\n<link rel=\"canonical\" href=\"https:\/\/hotelgolfnatura.com\/fr\/politica-de-privacidad\/\" \/>\n<meta property=\"og:locale\" content=\"fr_FR\" \/>\n<meta property=\"og:type\" content=\"article\" \/>\n<meta property=\"og:title\" content=\"Pol\u00edtica de Privacidad - Hotel Golf Natura | Hotel en Port del Comte | Web Oficial\" \/>\n<meta property=\"og:description\" content=\"Pol\u00edtica de Privacidad 1.\u00a0INFORMACI\u00d3N AL USUARIO HOTEL GOLF NATURA SL., como Responsable del Tratamiento, le informa que, seg\u00fan lo dispuesto en el Reglamento (UE) 2016\/679, de 27 de abril, (RGPD) y en la L.O. 3\/2018, de 5 de diciembre, de protecci\u00f3n de datos y garant\u00eda de los derechos digitales (LOPDGDD), trataremos su datos tal y [&hellip;]\" \/>\n<meta property=\"og:url\" content=\"https:\/\/hotelgolfnatura.com\/fr\/politica-de-privacidad\/\" \/>\n<meta property=\"og:site_name\" content=\"Hotel Golf Natura | Hotel en Port del Comte | Web Oficial\" \/>\n<meta property=\"article:modified_time\" content=\"2023-12-04T09:39:21+00:00\" \/>\n<meta name=\"twitter:card\" content=\"summary_large_image\" \/>\n<meta name=\"twitter:label1\" content=\"Dur\u00e9e de lecture estim\u00e9e\" \/>\n\t<meta name=\"twitter:data1\" content=\"5 minutes\" \/>\n<script type=\"application\/ld+json\" class=\"yoast-schema-graph\">{\"@context\":\"https:\/\/schema.org\",\"@graph\":[{\"@type\":\"WebPage\",\"@id\":\"https:\/\/hotelgolfnatura.com\/politica-de-privacidad\/\",\"url\":\"https:\/\/hotelgolfnatura.com\/politica-de-privacidad\/\",\"name\":\"Pol\u00edtica de Privacidad - Hotel Golf Natura | Hotel en Port del Comte | Web Oficial\",\"isPartOf\":{\"@id\":\"\/#website\"},\"datePublished\":\"2022-06-26T17:09:51+00:00\",\"dateModified\":\"2023-12-04T09:39:21+00:00\",\"breadcrumb\":{\"@id\":\"https:\/\/hotelgolfnatura.com\/politica-de-privacidad\/#breadcrumb\"},\"inLanguage\":\"fr-FR\",\"potentialAction\":[{\"@type\":\"ReadAction\",\"target\":[\"https:\/\/hotelgolfnatura.com\/politica-de-privacidad\/\"]}]},{\"@type\":\"BreadcrumbList\",\"@id\":\"https:\/\/hotelgolfnatura.com\/politica-de-privacidad\/#breadcrumb\",\"itemListElement\":[{\"@type\":\"ListItem\",\"position\":1,\"name\":\"Portada\",\"item\":\"https:\/\/hotelgolfnatura.com\/\"},{\"@type\":\"ListItem\",\"position\":2,\"name\":\"Pol\u00edtica de Privacidad\"}]},{\"@type\":\"WebSite\",\"@id\":\"\/#website\",\"url\":\"\/\",\"name\":\"Hotel Golf Natura | Hotel en Port del Comte | Web Oficial\",\"description\":\"El Hotel Golf Natura es un c\u00e1lido y familiar hotel de monta\u00f1a situado en plena naturaleza en Port del Comte, en la comarca del Solson\u00e9s.\",\"publisher\":{\"@id\":\"\/#organization\"},\"potentialAction\":[{\"@type\":\"SearchAction\",\"target\":{\"@type\":\"EntryPoint\",\"urlTemplate\":\"\/?s={search_term_string}\"},\"query-input\":{\"@type\":\"PropertyValueSpecification\",\"valueRequired\":true,\"valueName\":\"search_term_string\"}}],\"inLanguage\":\"fr-FR\"},{\"@type\":\"Organization\",\"@id\":\"\/#organization\",\"name\":\"Hotel Golf Natura | Hotel en Port del Comte | Web Oficial\",\"url\":\"\/\",\"logo\":{\"@type\":\"ImageObject\",\"inLanguage\":\"fr-FR\",\"@id\":\"\/#\/schema\/logo\/image\/\",\"url\":\"https:\/\/hotelgolfnatura.com\/wp-content\/uploads\/2023\/06\/logo-golf-natura-casa-dark-768x196-1.png\",\"contentUrl\":\"https:\/\/hotelgolfnatura.com\/wp-content\/uploads\/2023\/06\/logo-golf-natura-casa-dark-768x196-1.png\",\"width\":768,\"height\":196,\"caption\":\"Hotel Golf Natura | Hotel en Port del Comte | Web Oficial\"},\"image\":{\"@id\":\"\/#\/schema\/logo\/image\/\"}}]}<\/script>\n<!-- \/ Yoast SEO plugin. -->","yoast_head_json":{"title":"Politique de confidentialit\u00e9 - H\u00f4tel Golf Natura | H\u00f4tel \u00e0 Port del Comte | Site officiel","robots":{"index":"index","follow":"follow","max-snippet":"max-snippet:-1","max-image-preview":"max-image-preview:large","max-video-preview":"max-video-preview:-1"},"canonical":"https:\/\/hotelgolfnatura.com\/fr\/politica-de-privacidad\/","og_locale":"fr_FR","og_type":"article","og_title":"Pol\u00edtica de Privacidad - Hotel Golf Natura | Hotel en Port del Comte | Web Oficial","og_description":"Pol\u00edtica de Privacidad 1.\u00a0INFORMACI\u00d3N AL USUARIO HOTEL GOLF NATURA SL., como Responsable del Tratamiento, le informa que, seg\u00fan lo dispuesto en el Reglamento (UE) 2016\/679, de 27 de abril, (RGPD) y en la L.O. 3\/2018, de 5 de diciembre, de protecci\u00f3n de datos y garant\u00eda de los derechos digitales (LOPDGDD), trataremos su datos tal y [&hellip;]","og_url":"https:\/\/hotelgolfnatura.com\/fr\/politica-de-privacidad\/","og_site_name":"Hotel Golf Natura | Hotel en Port del Comte | Web Oficial","article_modified_time":"2023-12-04T09:39:21+00:00","twitter_card":"summary_large_image","twitter_misc":{"Dur\u00e9e de lecture estim\u00e9e":"5 minutes"},"schema":{"@context":"https:\/\/schema.org","@graph":[{"@type":"WebPage","@id":"https:\/\/hotelgolfnatura.com\/politica-de-privacidad\/","url":"https:\/\/hotelgolfnatura.com\/politica-de-privacidad\/","name":"Politique de confidentialit\u00e9 - H\u00f4tel Golf Natura | H\u00f4tel \u00e0 Port del Comte | Site officiel","isPartOf":{"@id":"\/#website"},"datePublished":"2022-06-26T17:09:51+00:00","dateModified":"2023-12-04T09:39:21+00:00","breadcrumb":{"@id":"https:\/\/hotelgolfnatura.com\/politica-de-privacidad\/#breadcrumb"},"inLanguage":"fr-FR","potentialAction":[{"@type":"ReadAction","target":["https:\/\/hotelgolfnatura.com\/politica-de-privacidad\/"]}]},{"@type":"BreadcrumbList","@id":"https:\/\/hotelgolfnatura.com\/politica-de-privacidad\/#breadcrumb","itemListElement":[{"@type":"ListItem","position":1,"name":"Portada","item":"https:\/\/hotelgolfnatura.com\/"},{"@type":"ListItem","position":2,"name":"Pol\u00edtica de Privacidad"}]},{"@type":"WebSite","@id":"\/#website","url":"\/","name":"H\u00f4tel Golf Natura | H\u00f4tel \u00e0 Port del Comte | Site officiel","description":"L&#039;H\u00f4tel Golf Natura est un h\u00f4tel de montagne chaleureux et familial situ\u00e9 en pleine nature \u00e0 Port del Comte, dans la r\u00e9gion de Solson\u00e9s.","publisher":{"@id":"\/#organization"},"potentialAction":[{"@type":"SearchAction","target":{"@type":"EntryPoint","urlTemplate":"\/?s={search_term_string}"},"query-input":{"@type":"PropertyValueSpecification","valueRequired":true,"valueName":"search_term_string"}}],"inLanguage":"fr-FR"},{"@type":"Organization","@id":"\/#organization","name":"H\u00f4tel Golf Natura | H\u00f4tel \u00e0 Port del Comte | Site officiel","url":"\/","logo":{"@type":"ImageObject","inLanguage":"fr-FR","@id":"\/#\/schema\/logo\/image\/","url":"https:\/\/hotelgolfnatura.com\/wp-content\/uploads\/2023\/06\/logo-golf-natura-casa-dark-768x196-1.png","contentUrl":"https:\/\/hotelgolfnatura.com\/wp-content\/uploads\/2023\/06\/logo-golf-natura-casa-dark-768x196-1.png","width":768,"height":196,"caption":"Hotel Golf Natura | Hotel en Port del Comte | Web Oficial"},"image":{"@id":"\/#\/schema\/logo\/image\/"}}]}},"_links":{"self":[{"href":"https:\/\/hotelgolfnatura.com\/fr\/wp-json\/wp\/v2\/pages\/670","targetHints":{"allow":["GET"]}}],"collection":[{"href":"https:\/\/hotelgolfnatura.com\/fr\/wp-json\/wp\/v2\/pages"}],"about":[{"href":"https:\/\/hotelgolfnatura.com\/fr\/wp-json\/wp\/v2\/types\/page"}],"author":[{"embeddable":true,"href":"https:\/\/hotelgolfnatura.com\/fr\/wp-json\/wp\/v2\/users\/2"}],"replies":[{"embeddable":true,"href":"https:\/\/hotelgolfnatura.com\/fr\/wp-json\/wp\/v2\/comments?post=670"}],"version-history":[{"count":24,"href":"https:\/\/hotelgolfnatura.com\/fr\/wp-json\/wp\/v2\/pages\/670\/revisions"}],"predecessor-version":[{"id":4079,"href":"https:\/\/hotelgolfnatura.com\/fr\/wp-json\/wp\/v2\/pages\/670\/revisions\/4079"}],"wp:attachment":[{"href":"https:\/\/hotelgolfnatura.com\/fr\/wp-json\/wp\/v2\/media?parent=670"}],"curies":[{"name":"wp","href":"https:\/\/api.w.org\/{rel}","templated":true}]}}