{"id":3035,"date":"2023-06-15T10:00:26","date_gmt":"2023-06-15T10:00:26","guid":{"rendered":"https:\/\/hotelgolfnatura.com\/?page_id=3035"},"modified":"2024-03-22T18:28:35","modified_gmt":"2024-03-22T18:28:35","slug":"blog","status":"publish","type":"page","link":"https:\/\/hotelgolfnatura.com\/fr\/blog\/","title":{"rendered":"Blog"},"content":{"rendered":"\t\t<div data-elementor-type=\"wp-page\" data-elementor-id=\"3035\" class=\"elementor elementor-3035\" data-elementor-post-type=\"page\">\n\t\t\t\t\t\t<section class=\"elementor-section elementor-top-section elementor-element elementor-element-9ca53bd elementor-section-boxed elementor-section-height-default elementor-section-height-default\" data-id=\"9ca53bd\" data-element_type=\"section\" data-e-type=\"section\">\n\t\t\t\t\t\t<div class=\"elementor-container elementor-column-gap-default\">\n\t\t\t\t\t<div class=\"elementor-column elementor-col-100 elementor-top-column elementor-element elementor-element-b551add\" data-id=\"b551add\" data-element_type=\"column\" data-e-type=\"column\">\n\t\t\t<div class=\"elementor-widget-wrap elementor-element-populated\">\n\t\t\t\t\t\t<div class=\"elementor-element elementor-element-f972340 elementor-widget elementor-widget-heading\" data-id=\"f972340\" data-element_type=\"widget\" data-e-type=\"widget\" data-widget_type=\"heading.default\">\n\t\t\t\t<div class=\"elementor-widget-container\">\n\t\t\t\t\t<h2 class=\"elementor-heading-title elementor-size-default\">Blog<\/h2>\t\t\t\t<\/div>\n\t\t\t\t<\/div>\n\t\t\t\t<div class=\"elementor-element elementor-element-0bb13e0 elementor-widget elementor-widget-elementskit-blog-posts\" data-id=\"0bb13e0\" data-element_type=\"widget\" data-e-type=\"widget\" data-widget_type=\"elementskit-blog-posts.default\">\n\t\t\t\t<div class=\"elementor-widget-container\">\n\t\t\t\t\t<div class=\"ekit-wid-con\" >        <div id=\"post-items--0bb13e0\" class=\"row post-items\">\n                    <div class=\"col-md-12\">\n\n                                    <div class=\"elementskit-blog-block-post\">\n                        <div class=\"row no-gutters\">\n                                                            <div class=\"col-md-6 order-1\">\n                                    <a href=\"https:\/\/hotelgolfnatura.com\/fr\/explora-el-emocionante-mundo-invernal-de-port-del-comte\/\" class=\"elementskit-entry-thumb\">\n                                        <img decoding=\"async\" src=\"https:\/\/hotelgolfnatura.com\/wp-content\/uploads\/2024\/03\/WhatsApp-Image-2024-03-08-at-09.51.33-2-1024x768.jpeg\" alt=\"\u00a1Explora el emocionante mundo invernal de Port del Comte !\">\n                                    <\/a><!-- .elementskit-entry-thumb END -->\n                                <\/div>\n                            \n                            <div class=\"col-md-6 order-2\">\n                                <div class=\"elementskit-post-body \">\n                                    <div class=\"elementskit-entry-header\">\n                                        \n                                                                                            \t\t\t\t\t                                            \n                                            \n                                                                                            \t\t\t\t<h2 class=\"entry-title\">\n\t\t\t\t\t<a href=\"https:\/\/hotelgolfnatura.com\/fr\/explora-el-emocionante-mundo-invernal-de-port-del-comte\/\">\n\t\t\t\t\t\t\u00a1Explora el emocionante mundo invernal de Port del Comte !\t\t\t\t\t<\/a>\n\t\t\t\t<\/h2>\n\t\t\t                                                                                <\/div><!-- .elementskit-entry-header END -->\n\n                                                                            <div class=\"elementskit-post-footer\">\n                                                                                            <p>\u00a1Explora el emocionante mundo invernal de Port del Comte desde la comodidad del Hotel Golf Natura! La estaci\u00f3n de esqu\u00ed Port del Comte es un verdadero tesoro del Prepirineo catal\u00e1n, ubicado en la Vall de Lord, en la comarca del Solson\u00e8s. Este destino es conocido por su proximidad a Barcelona y su ambiente familiar, lo [&hellip;]<\/p>\n                                                                                                                                <\/div><!-- .elementskit-post-footer END -->\n                                                                    <\/div><!-- .elementskit-post-body END -->\n                            <\/div>\n                        <\/div>\n                    <\/div><!-- .elementskit-blog-block-post .radius .gradient-bg END -->\n                \n            <\/div>\n                    <div class=\"col-md-12\">\n\n                                    <div class=\"elementskit-blog-block-post\">\n                        <div class=\"row no-gutters\">\n                                                            <div class=\"col-md-6 order-1\">\n                                    <a href=\"https:\/\/hotelgolfnatura.com\/fr\/dia-padre-vall-de-lord\/\" class=\"elementskit-entry-thumb\">\n                                        <img decoding=\"async\" src=\"https:\/\/hotelgolfnatura.com\/wp-content\/uploads\/2024\/02\/di-apare.jpeg\" alt=\"Vall de Lord: La escapada perfecta para el D\u00eda del Padre\">\n                                    <\/a><!-- .elementskit-entry-thumb END -->\n                                <\/div>\n                            \n                            <div class=\"col-md-6 order-2\">\n                                <div class=\"elementskit-post-body \">\n                                    <div class=\"elementskit-entry-header\">\n                                        \n                                                                                            \t\t\t\t\t                                            \n                                            \n                                                                                            \t\t\t\t<h2 class=\"entry-title\">\n\t\t\t\t\t<a href=\"https:\/\/hotelgolfnatura.com\/fr\/dia-padre-vall-de-lord\/\">\n\t\t\t\t\t\tVall de Lord: La escapada perfecta para el D\u00eda del Padre\t\t\t\t\t<\/a>\n\t\t\t\t<\/h2>\n\t\t\t                                                                                <\/div><!-- .elementskit-entry-header END -->\n\n                                                                            <div class=\"elementskit-post-footer\">\n                                                                                            <p>Vall de Lord: La escapada perfecta para el D\u00eda del Padre Si est\u00e1s en busca de un regalo \u00fanico y emocionante para tu pap\u00e1 en el D\u00eda del Padre, una escapada a la Vall de Lord puede ser exactamente lo que necesitas. Este destino ofrece una amplia variedad de actividades al aire libre para disfrutar [&hellip;]<\/p>\n                                                                                                                                <\/div><!-- .elementskit-post-footer END -->\n                                                                    <\/div><!-- .elementskit-post-body END -->\n                            <\/div>\n                        <\/div>\n                    <\/div><!-- .elementskit-blog-block-post .radius .gradient-bg END -->\n                \n            <\/div>\n                <\/div>\n       <\/div>\t\t\t\t<\/div>\n\t\t\t\t<\/div>\n\t\t\t\t\t<\/div>\n\t\t<\/div>\n\t\t\t\t\t<\/div>\n\t\t<\/section>\n\t\t\t\t<\/div>\n\t\t","protected":false},"excerpt":{"rendered":"<p>Blog \u00a1Explora el emocionante mundo invernal de Port del Comte ! \u00a1Explora el emocionante mundo invernal de Port del Comte desde la comodidad del Hotel Golf Natura! La estaci\u00f3n de esqu\u00ed Port del Comte es un verdadero tesoro del Prepirineo catal\u00e1n, ubicado en la Vall de Lord, en la comarca del Solson\u00e8s. Este destino es [&hellip;]<\/p>\n","protected":false},"author":2,"featured_media":0,"parent":0,"menu_order":0,"comment_status":"closed","ping_status":"closed","template":"","meta":{"site-sidebar-layout":"no-sidebar","site-content-layout":"page-builder","ast-site-content-layout":"","site-content-style":"default","site-sidebar-style":"default","ast-global-header-display":"","ast-banner-title-visibility":"","ast-main-header-display":"","ast-hfb-above-header-display":"","ast-hfb-below-header-display":"","ast-hfb-mobile-header-display":"","site-post-title":"disabled","ast-breadcrumbs-content":"","ast-featured-img":"disabled","footer-sml-layout":"","theme-transparent-header-meta":"","adv-header-id-meta":"","stick-header-meta":"","header-above-stick-meta":"","header-main-stick-meta":"","header-below-stick-meta":"","astra-migrate-meta-layouts":"default","ast-page-background-enabled":"default","ast-page-background-meta":{"desktop":{"background-color":"","background-image":"","background-repeat":"repeat","background-position":"center center","background-size":"auto","background-attachment":"scroll","background-type":"","background-media":"","overlay-type":"","overlay-color":"","overlay-gradient":""},"tablet":{"background-color":"","background-image":"","background-repeat":"repeat","background-position":"center center","background-size":"auto","background-attachment":"scroll","background-type":"","background-media":"","overlay-type":"","overlay-color":"","overlay-gradient":""},"mobile":{"background-color":"","background-image":"","background-repeat":"repeat","background-position":"center center","background-size":"auto","background-attachment":"scroll","background-type":"","background-media":"","overlay-type":"","overlay-color":"","overlay-gradient":""}},"ast-content-background-meta":{"desktop":{"background-color":"var(--ast-global-color-5)","background-image":"","background-repeat":"repeat","background-position":"center center","background-size":"auto","background-attachment":"scroll","background-type":"","background-media":"","overlay-type":"","overlay-color":"","overlay-gradient":""},"tablet":{"background-color":"var(--ast-global-color-5)","background-image":"","background-repeat":"repeat","background-position":"center center","background-size":"auto","background-attachment":"scroll","background-type":"","background-media":"","overlay-type":"","overlay-color":"","overlay-gradient":""},"mobile":{"background-color":"var(--ast-global-color-5)","background-image":"","background-repeat":"repeat","background-position":"center center","background-size":"auto","background-attachment":"scroll","background-type":"","background-media":"","overlay-type":"","overlay-color":"","overlay-gradient":""}},"footnotes":""},"class_list":["post-3035","page","type-page","status-publish","hentry"],"yoast_head":"<!-- This site is optimized with the Yoast SEO plugin v27.1.1 - https:\/\/yoast.com\/product\/yoast-seo-wordpress\/ -->\n<title>Blog Hotel Port 1730 | Actividades y rutas en Port del Comte<\/title>\n<meta name=\"description\" content=\"Ideas de escapadas, rutas tur\u00edsticas, visita al zoo del pirineu, actividades de monta\u00f1a, de esqu\u00ed o en bici,...\" \/>\n<meta name=\"robots\" content=\"index, follow, max-snippet:-1, max-image-preview:large, max-video-preview:-1\" \/>\n<link rel=\"canonical\" href=\"https:\/\/hotelgolfnatura.com\/fr\/blog\/\" \/>\n<meta property=\"og:locale\" content=\"fr_FR\" \/>\n<meta property=\"og:type\" content=\"article\" \/>\n<meta property=\"og:title\" content=\"Blog Hotel Port 1730 | Actividades y rutas en Port del Comte\" \/>\n<meta property=\"og:description\" content=\"Ideas de escapadas, rutas tur\u00edsticas, visita al zoo del pirineu, actividades de monta\u00f1a, de esqu\u00ed o en bici,...\" \/>\n<meta property=\"og:url\" content=\"https:\/\/hotelgolfnatura.com\/fr\/blog\/\" \/>\n<meta property=\"og:site_name\" content=\"Hotel Golf Natura | Hotel en Port del Comte | Web Oficial\" \/>\n<meta property=\"article:modified_time\" content=\"2024-03-22T18:28:35+00:00\" \/>\n<meta property=\"og:image\" content=\"https:\/\/hotelgolfnatura.com\/wp-content\/uploads\/2024\/03\/WhatsApp-Image-2024-03-08-at-09.51.33-2-1024x768.jpeg\" \/>\n<meta name=\"twitter:card\" content=\"summary_large_image\" \/>\n<meta name=\"twitter:label1\" content=\"Dur\u00e9e de lecture estim\u00e9e\" \/>\n\t<meta name=\"twitter:data1\" content=\"2 minutes\" \/>\n<script type=\"application\/ld+json\" class=\"yoast-schema-graph\">{\"@context\":\"https:\/\/schema.org\",\"@graph\":[{\"@type\":\"WebPage\",\"@id\":\"https:\/\/hotelgolfnatura.com\/blog\/\",\"url\":\"https:\/\/hotelgolfnatura.com\/blog\/\",\"name\":\"Blog Hotel Port 1730 | Actividades y rutas en Port del Comte\",\"isPartOf\":{\"@id\":\"\/#website\"},\"primaryImageOfPage\":{\"@id\":\"https:\/\/hotelgolfnatura.com\/blog\/#primaryimage\"},\"image\":{\"@id\":\"https:\/\/hotelgolfnatura.com\/blog\/#primaryimage\"},\"thumbnailUrl\":\"https:\/\/hotelgolfnatura.com\/wp-content\/uploads\/2024\/03\/WhatsApp-Image-2024-03-08-at-09.51.33-2-1024x768.jpeg\",\"datePublished\":\"2023-06-15T10:00:26+00:00\",\"dateModified\":\"2024-03-22T18:28:35+00:00\",\"description\":\"Ideas de escapadas, rutas tur\u00edsticas, visita al zoo del pirineu, actividades de monta\u00f1a, de esqu\u00ed o en bici,...\",\"breadcrumb\":{\"@id\":\"https:\/\/hotelgolfnatura.com\/blog\/#breadcrumb\"},\"inLanguage\":\"fr-FR\",\"potentialAction\":[{\"@type\":\"ReadAction\",\"target\":[\"https:\/\/hotelgolfnatura.com\/blog\/\"]}]},{\"@type\":\"ImageObject\",\"inLanguage\":\"fr-FR\",\"@id\":\"https:\/\/hotelgolfnatura.com\/blog\/#primaryimage\",\"url\":\"https:\/\/hotelgolfnatura.com\/wp-content\/uploads\/2024\/03\/WhatsApp-Image-2024-03-08-at-09.51.33-2-1024x768.jpeg\",\"contentUrl\":\"https:\/\/hotelgolfnatura.com\/wp-content\/uploads\/2024\/03\/WhatsApp-Image-2024-03-08-at-09.51.33-2-1024x768.jpeg\"},{\"@type\":\"BreadcrumbList\",\"@id\":\"https:\/\/hotelgolfnatura.com\/blog\/#breadcrumb\",\"itemListElement\":[{\"@type\":\"ListItem\",\"position\":1,\"name\":\"Portada\",\"item\":\"https:\/\/hotelgolfnatura.com\/\"},{\"@type\":\"ListItem\",\"position\":2,\"name\":\"Blog\"}]},{\"@type\":\"WebSite\",\"@id\":\"\/#website\",\"url\":\"\/\",\"name\":\"Hotel Golf Natura | Hotel en Port del Comte | Web Oficial\",\"description\":\"El Hotel Golf Natura es un c\u00e1lido y familiar hotel de monta\u00f1a situado en plena naturaleza en Port del Comte, en la comarca del Solson\u00e9s.\",\"publisher\":{\"@id\":\"\/#organization\"},\"potentialAction\":[{\"@type\":\"SearchAction\",\"target\":{\"@type\":\"EntryPoint\",\"urlTemplate\":\"\/?s={search_term_string}\"},\"query-input\":{\"@type\":\"PropertyValueSpecification\",\"valueRequired\":true,\"valueName\":\"search_term_string\"}}],\"inLanguage\":\"fr-FR\"},{\"@type\":\"Organization\",\"@id\":\"\/#organization\",\"name\":\"Hotel Golf Natura | Hotel en Port del Comte | Web Oficial\",\"url\":\"\/\",\"logo\":{\"@type\":\"ImageObject\",\"inLanguage\":\"fr-FR\",\"@id\":\"\/#\/schema\/logo\/image\/\",\"url\":\"https:\/\/hotelgolfnatura.com\/wp-content\/uploads\/2023\/06\/logo-golf-natura-casa-dark-768x196-1.png\",\"contentUrl\":\"https:\/\/hotelgolfnatura.com\/wp-content\/uploads\/2023\/06\/logo-golf-natura-casa-dark-768x196-1.png\",\"width\":768,\"height\":196,\"caption\":\"Hotel Golf Natura | Hotel en Port del Comte | Web Oficial\"},\"image\":{\"@id\":\"\/#\/schema\/logo\/image\/\"}}]}<\/script>\n<!-- \/ Yoast SEO plugin. -->","yoast_head_json":{"title":"Blogue H\u00f4tel Port 1730 | Activit\u00e9s et itin\u00e9raires \u00e0 Port del Comte","description":"Id\u00e9es d&#039;escapades, itin\u00e9raires touristiques, visites du zoo des Pirineu, activit\u00e9s de montagne, de ski ou de v\u00e9lo,...","robots":{"index":"index","follow":"follow","max-snippet":"max-snippet:-1","max-image-preview":"max-image-preview:large","max-video-preview":"max-video-preview:-1"},"canonical":"https:\/\/hotelgolfnatura.com\/fr\/blog\/","og_locale":"fr_FR","og_type":"article","og_title":"Blog Hotel Port 1730 | Actividades y rutas en Port del Comte","og_description":"Ideas de escapadas, rutas tur\u00edsticas, visita al zoo del pirineu, actividades de monta\u00f1a, de esqu\u00ed o en bici,...","og_url":"https:\/\/hotelgolfnatura.com\/fr\/blog\/","og_site_name":"Hotel Golf Natura | Hotel en Port del Comte | Web Oficial","article_modified_time":"2024-03-22T18:28:35+00:00","og_image":[{"url":"https:\/\/hotelgolfnatura.com\/wp-content\/uploads\/2024\/03\/WhatsApp-Image-2024-03-08-at-09.51.33-2-1024x768.jpeg","type":"","width":"","height":""}],"twitter_card":"summary_large_image","twitter_misc":{"Dur\u00e9e de lecture estim\u00e9e":"2 minutes"},"schema":{"@context":"https:\/\/schema.org","@graph":[{"@type":"WebPage","@id":"https:\/\/hotelgolfnatura.com\/blog\/","url":"https:\/\/hotelgolfnatura.com\/blog\/","name":"Blogue H\u00f4tel Port 1730 | Activit\u00e9s et itin\u00e9raires \u00e0 Port del Comte","isPartOf":{"@id":"\/#website"},"primaryImageOfPage":{"@id":"https:\/\/hotelgolfnatura.com\/blog\/#primaryimage"},"image":{"@id":"https:\/\/hotelgolfnatura.com\/blog\/#primaryimage"},"thumbnailUrl":"https:\/\/hotelgolfnatura.com\/wp-content\/uploads\/2024\/03\/WhatsApp-Image-2024-03-08-at-09.51.33-2-1024x768.jpeg","datePublished":"2023-06-15T10:00:26+00:00","dateModified":"2024-03-22T18:28:35+00:00","description":"Id\u00e9es d&#039;escapades, itin\u00e9raires touristiques, visites du zoo des Pirineu, activit\u00e9s de montagne, de ski ou de v\u00e9lo,...","breadcrumb":{"@id":"https:\/\/hotelgolfnatura.com\/blog\/#breadcrumb"},"inLanguage":"fr-FR","potentialAction":[{"@type":"ReadAction","target":["https:\/\/hotelgolfnatura.com\/blog\/"]}]},{"@type":"ImageObject","inLanguage":"fr-FR","@id":"https:\/\/hotelgolfnatura.com\/blog\/#primaryimage","url":"https:\/\/hotelgolfnatura.com\/wp-content\/uploads\/2024\/03\/WhatsApp-Image-2024-03-08-at-09.51.33-2-1024x768.jpeg","contentUrl":"https:\/\/hotelgolfnatura.com\/wp-content\/uploads\/2024\/03\/WhatsApp-Image-2024-03-08-at-09.51.33-2-1024x768.jpeg"},{"@type":"BreadcrumbList","@id":"https:\/\/hotelgolfnatura.com\/blog\/#breadcrumb","itemListElement":[{"@type":"ListItem","position":1,"name":"Portada","item":"https:\/\/hotelgolfnatura.com\/"},{"@type":"ListItem","position":2,"name":"Blog"}]},{"@type":"WebSite","@id":"\/#website","url":"\/","name":"H\u00f4tel Golf Natura | H\u00f4tel \u00e0 Port del Comte | Site officiel","description":"L&#039;H\u00f4tel Golf Natura est un h\u00f4tel de montagne chaleureux et familial situ\u00e9 en pleine nature \u00e0 Port del Comte, dans la r\u00e9gion de Solson\u00e9s.","publisher":{"@id":"\/#organization"},"potentialAction":[{"@type":"SearchAction","target":{"@type":"EntryPoint","urlTemplate":"\/?s={search_term_string}"},"query-input":{"@type":"PropertyValueSpecification","valueRequired":true,"valueName":"search_term_string"}}],"inLanguage":"fr-FR"},{"@type":"Organization","@id":"\/#organization","name":"H\u00f4tel Golf Natura | H\u00f4tel \u00e0 Port del Comte | Site officiel","url":"\/","logo":{"@type":"ImageObject","inLanguage":"fr-FR","@id":"\/#\/schema\/logo\/image\/","url":"https:\/\/hotelgolfnatura.com\/wp-content\/uploads\/2023\/06\/logo-golf-natura-casa-dark-768x196-1.png","contentUrl":"https:\/\/hotelgolfnatura.com\/wp-content\/uploads\/2023\/06\/logo-golf-natura-casa-dark-768x196-1.png","width":768,"height":196,"caption":"Hotel Golf Natura | Hotel en Port del Comte | Web Oficial"},"image":{"@id":"\/#\/schema\/logo\/image\/"}}]}},"_links":{"self":[{"href":"https:\/\/hotelgolfnatura.com\/fr\/wp-json\/wp\/v2\/pages\/3035","targetHints":{"allow":["GET"]}}],"collection":[{"href":"https:\/\/hotelgolfnatura.com\/fr\/wp-json\/wp\/v2\/pages"}],"about":[{"href":"https:\/\/hotelgolfnatura.com\/fr\/wp-json\/wp\/v2\/types\/page"}],"author":[{"embeddable":true,"href":"https:\/\/hotelgolfnatura.com\/fr\/wp-json\/wp\/v2\/users\/2"}],"replies":[{"embeddable":true,"href":"https:\/\/hotelgolfnatura.com\/fr\/wp-json\/wp\/v2\/comments?post=3035"}],"version-history":[{"count":11,"href":"https:\/\/hotelgolfnatura.com\/fr\/wp-json\/wp\/v2\/pages\/3035\/revisions"}],"predecessor-version":[{"id":4523,"href":"https:\/\/hotelgolfnatura.com\/fr\/wp-json\/wp\/v2\/pages\/3035\/revisions\/4523"}],"wp:attachment":[{"href":"https:\/\/hotelgolfnatura.com\/fr\/wp-json\/wp\/v2\/media?parent=3035"}],"curies":[{"name":"wp","href":"https:\/\/api.w.org\/{rel}","templated":true}]}}