{"id":670,"date":"2022-06-26T17:09:51","date_gmt":"2022-06-26T17:09:51","guid":{"rendered":"https:\/\/hotelgolfnatura.com?page_id=670"},"modified":"2023-12-04T09:39:21","modified_gmt":"2023-12-04T09:39:21","slug":"politica-de-privacidad","status":"publish","type":"page","link":"https:\/\/hotelgolfnatura.com\/en\/politica-de-privacidad\/","title":{"rendered":"Privacy Policy"},"content":{"rendered":"<div data-elementor-type=\"wp-page\" data-elementor-id=\"670\" class=\"elementor elementor-670\" data-elementor-post-type=\"page\">\n\t\t\t\t\t\t<section class=\"elementor-section elementor-top-section elementor-element elementor-element-190ad459 elementor-section-boxed elementor-section-height-default elementor-section-height-default\" data-id=\"190ad459\" data-element_type=\"section\" data-e-type=\"section\">\n\t\t\t\t\t\t<div class=\"elementor-container elementor-column-gap-default\">\n\t\t\t\t\t<div class=\"elementor-column elementor-col-100 elementor-top-column elementor-element elementor-element-88f2e67\" data-id=\"88f2e67\" data-element_type=\"column\" data-e-type=\"column\">\n\t\t\t<div class=\"elementor-widget-wrap elementor-element-populated\">\n\t\t\t\t\t\t<div class=\"elementor-element elementor-element-1489be31 elementor-widget elementor-widget-text-editor\" data-id=\"1489be31\" data-element_type=\"widget\" data-e-type=\"widget\" data-widget_type=\"text-editor.default\">\n\t\t\t\t<div class=\"elementor-widget-container\">\n\t\t\t\t\t\t\t\t\t<p><\/p>\n<div class=\"is-layout-flow wp-block-cover-is-layout-flow\" style=\"min-height: 473px;aspect-ratio:unset;\">\n<div>\n<p><\/p>\n<h1 class=\"wp-block-heading\">Privacy Policy<\/h1>\n<p><\/p>\n<p>Last updated: January 2021.<\/p>\n<p><\/p>\n<\/div>\n<\/div>\n<p><\/p>\n<h1>Privacy Policy<\/h1>\n<p><strong>1.<\/strong>\u00a0<strong>USER INFORMATION<\/strong><\/p>\n<p><\/p>\n<p><strong>HOTEL GOLF NATURA SL.<\/strong>as Data Controller, informs you that, in accordance with the provisions of Regulation (EU) 2016\/679, of 27 April, (RGPD) and O.L. 3\/2018, of 5 December, on data protection and guarantee of digital rights (LOPDGDD), we will treat your data as reflected in this Privacy Policy.<\/p>\n<p>In this Privacy Policy we describe how we collect your personal data and why we collect it, what we do with it, who we share it with, how we protect it and your choices about how we process your personal data.<\/p>\n<p>This Policy applies to the processing of your personal data collected by the company for the provision of its services. If you accept the measures in this Policy, you agree to our processing of your personal data as defined in this Policy.<\/p>\n<p><\/p>\n<p><strong>2. CONTACT<\/strong><\/p>\n<p><\/p>\n<p>Company name: <b>HOTEL GOLF NATURA SL<\/b><br \/>Trade name: <b>NATURA GOLF HOTEL<\/b><br \/>CIF:\u00a0<strong>\u00a0<\/strong><b>B25673765<\/b><br \/>Address:\u00a0<b><span style=\"background-color: var(--ast-global-color-4);\">Pujada Golf Camp, 9<\/span> <span style=\"background-color: var(--ast-global-color-4);\">Lleida -Spain\u00a0<\/span><span style=\"font-style: inherit; color: var(--ast-global-color-3); background-color: var(--ast-global-color-4);\">La Coma I La Pedra<\/span> <span style=\"font-style: inherit; color: var(--ast-global-color-3); background-color: var(--ast-global-color-4);\">25284<\/span><\/b><span style=\"font-style: inherit; background-color: var(--ast-global-color-4); color: var(--ast-global-color-3);\"><b>\u00a0<\/b><br \/><\/span><span style=\"font-style: inherit; font-weight: inherit; background-color: var(--ast-global-color-4); color: var(--ast-global-color-3);\">e-mail:\u00a0<\/span><strong style=\"font-style: inherit; background-color: var(--ast-global-color-4); color: var(--ast-global-color-3);\">info@hotelgolfnatura.com\/<\/strong><\/p>\n<p><strong>3. KEY PRINCIPLES<\/strong><\/p>\n<p><\/p>\n<p>We have always been committed to providing our services with the highest degree of quality, which includes treating your data securely and transparently. Our principles are:<\/p>\n<ul>\n<li><strong>Legality<\/strong>We will only collect your Personal Data for specified, explicit and legitimate purposes.<\/li>\n<li><strong>Data minimisation<\/strong>We limit the collection of personal data to what is strictly relevant and necessary for the purposes for which it was collected.<\/li>\n<li><strong>Purpose Limitation<\/strong>We will only collect your personal data for the stated purposes and only in accordance with your wishes.<\/li>\n<li><strong>Accuracy<\/strong>We will keep your personal data accurate and up to date.<\/li>\n<li><strong>Data Security<\/strong>We implement appropriate technical and organisational measures proportionate to the risks to ensure that your data is not subject to damage, such as unauthorised disclosure or access, accidental or unlawful destruction or accidental loss or alteration and any other form of unlawful processing.<\/li>\n<li><strong>Access and Rectification<\/strong>We have the means for you to access or rectify your data when you consider it appropriate.<\/li>\n<li><strong>Conservation<\/strong>We retain your personal data in a lawful and appropriate manner and only for as long as is necessary for the purposes for which it was collected.<\/li>\n<li><strong>International transfers<\/strong>where your data is to be transferred outside the EU\/EEA, it will be adequately protected.<\/li>\n<li><strong>Third parties<\/strong>Access and transfer of personal data to third parties are carried out in accordance with applicable laws and regulations and with appropriate contractual safeguards.<\/li>\n<li><strong>Direct Marketing and cookies<\/strong>We comply with the applicable legislation on advertising and cookies.<\/li>\n<\/ul>\n<p><\/p>\n<p><!-- \/wp:list --><!-- wp:paragraph --><\/p>\n<p><strong>4. COLLECTION AND PROCESSING OF YOUR PERSONAL DATA<\/strong><\/p>\n<p>The types of data that may be requested and processed are:<\/p>\n<ul>\n<li>Data of an identifying nature.<\/li>\n<\/ul>\n<p>We also automatically collect data about your visit to our website as described in the cookie policy.<\/p>\n<p>Whenever we request your Personal Data, we will inform you clearly what Personal Data we collect and for what purpose. In general, we collect and process your personal data for the purpose of:<\/p>\n<ul>\n<li>To provide information, services, products, relevant information and news in the sector.<\/li>\n<li>Sending communications.<\/li>\n<\/ul>\n<p><!-- \/wp:list-item --><\/p>\n<p><!-- \/wp:list --><!-- wp:paragraph --><\/p>\n<p><strong>5. LEGITIMACY<\/strong><\/p>\n<p><!-- \/wp:paragraph --><!-- wp:paragraph --><\/p>\n<p>In accordance with the applicable data protection legislation, your personal data may be processed insofar as:<\/p>\n<ul>\n<li>You have given us your consent for the purposes of processing. You may of course withdraw your consent at any time.<\/li>\n<li>By legal requirement.<\/li>\n<li>For there being a legitimate interest that is not undermined by your privacy rights, such as sending you commercial information either by subscribing to our newsletter or by your status as a customer.<\/li>\n<li>Because it is necessary for the provision of one of our services through a contractual relationship between you and us.<\/li>\n<\/ul>\n<p><!-- \/wp:list-item --><\/p>\n<p><!-- \/wp:list --><!-- wp:paragraph --><\/p>\n<p><strong>6. COMMUNICATION OF PERSONAL DATA<\/strong><\/p>\n<p><!-- \/wp:paragraph --><!-- wp:paragraph --><\/p>\n<p>The data may be communicated to companies related to\u00a0<b>HOTEL GOLF NATURA SL.<\/b>\u00a0for the provision of the various services in their capacity as Data Processors. The company will not make any transfer, except by legal obligation.<\/p>\n<p><!-- \/wp:paragraph --><!-- wp:paragraph --><\/p>\n<p><strong>7. YOUR RIGHTS<\/strong><\/p>\n<p><!-- \/wp:paragraph --><!-- wp:paragraph --><\/p>\n<p>In connection with the collection and processing of your personal data, you may contact us at any time to:<\/p>\n<ul>\n<li>Access your personal data and any other information referred to in Article 15.1 of the GDPR.<\/li>\n<li>Rectify your personal data that is inaccurate or incomplete in accordance with Article 16 of the GDPR.<\/li>\n<li>Delete your personal data in accordance with Article 17 of the GDPR.<\/li>\n<li>To restrict the processing of your personal data in accordance with Article 18 of the GDPR.<\/li>\n<li>Request the portability of your data in accordance with Article 20 of the\u00a0<a href=\"https:\/\/presencialismo.com\/\" target=\"_blank\" rel=\"noreferrer noopener\">GDPR<\/a>.<\/li>\n<li>object to the processing of your personal data in accordance with Article 21 of the GDPR.<\/li>\n<\/ul>\n<p>If you have given your consent for a specific purpose, you have the right to withdraw your consent at any time, without affecting the lawfulness of the processing based on your consent prior to its withdrawal.\u00a0<a href=\"https:\/\/presencialismo.com\/\" target=\"_blank\" rel=\"noreferrer noopener\">hr<\/a>.<\/p>\n<p>You can exercise these rights by sending a motivated and accredited communication to <b>HOTEL GOLF NATURA SL<\/b>, residing in\u00a0<span style=\"font-weight: bold;\"><span style=\"background-color: var(--ast-global-color-4);\">Pujada Golf Camp, 9\u00a0<\/span><span style=\"background-color: var(--ast-global-color-4);\">Lleida \u2013 Spain\u00a0<\/span><span style=\"font-style: inherit; color: var(--ast-global-color-3); background-color: var(--ast-global-color-4);\">La Coma I La Pedra\u00a0<\/span><span style=\"font-style: inherit; color: var(--ast-global-color-3); background-color: var(--ast-global-color-4);\">25284<\/span><\/span><span style=\"color: var(--ast-global-color-3); font-style: inherit; background-color: var(--ast-global-color-4);\"><span style=\"font-weight: bold;\">\u00a0<\/span><\/span>\u00a0or by e-mail to info@hotelgolfnatura.com\/.<\/p>\n<p>You also have the right to file a complaint with the competent supervisory authority. <span style=\"color: #339966;\">(<a style=\"color: #339966;\" href=\"https:\/\/aepd.es\/\" target=\"_blank\" rel=\"noreferrer noopener\">www.aepd.es<\/a>)<\/span> if you consider that the treatment does not comply with current regulations.<\/p>\n<p><!-- \/wp:paragraph --><!-- wp:paragraph --><\/p>\n<p><strong>8. LEGAL INFORMATION<\/strong><\/p>\n<p>The requirements of this Policy supplement, and do not replace, any other requirements existing under applicable data protection law, which shall prevail in any event.<\/p>\n<p>This Policy is subject to periodic review and may be amended by the Company at any time. When this happens, we will notify you of any changes and ask you to re-read the most recent version of our Policy and confirm your acceptance.<\/p>\n<p><!-- \/wp:paragraph --><\/p>\t\t\t\t\t\t\t\t<\/div>\n\t\t\t\t<\/div>\n\t\t\t\t\t<\/div>\n\t\t<\/div>\n\t\t\t\t\t<\/div>\n\t\t<\/section>\n\t\t\t\t<\/div>","protected":false},"excerpt":{"rendered":"<p>Pol\u00edtica de Privacidad 1.\u00a0INFORMACI\u00d3N AL USUARIO HOTEL GOLF NATURA SL., como Responsable del Tratamiento, le informa que, seg\u00fan lo dispuesto en el Reglamento (UE) 2016\/679, de 27 de abril, (RGPD) y en la L.O. 3\/2018, de 5 de diciembre, de protecci\u00f3n de datos y garant\u00eda de los derechos digitales (LOPDGDD), trataremos su datos tal y [&hellip;]<\/p>\n","protected":false},"author":2,"featured_media":0,"parent":0,"menu_order":0,"comment_status":"closed","ping_status":"closed","template":"","meta":{"site-sidebar-layout":"no-sidebar","site-content-layout":"plain-container","ast-site-content-layout":"","site-content-style":"default","site-sidebar-style":"default","ast-global-header-display":"","ast-banner-title-visibility":"","ast-main-header-display":"","ast-hfb-above-header-display":"","ast-hfb-below-header-display":"","ast-hfb-mobile-header-display":"","site-post-title":"disabled","ast-breadcrumbs-content":"","ast-featured-img":"disabled","footer-sml-layout":"","theme-transparent-header-meta":"enabled","adv-header-id-meta":"","stick-header-meta":"","header-above-stick-meta":"","header-main-stick-meta":"","header-below-stick-meta":"","astra-migrate-meta-layouts":"default","ast-page-background-enabled":"default","ast-page-background-meta":{"desktop":{"background-color":"","background-image":"","background-repeat":"repeat","background-position":"center center","background-size":"auto","background-attachment":"scroll","background-type":"","background-media":"","overlay-type":"","overlay-color":"","overlay-gradient":""},"tablet":{"background-color":"","background-image":"","background-repeat":"repeat","background-position":"center center","background-size":"auto","background-attachment":"scroll","background-type":"","background-media":"","overlay-type":"","overlay-color":"","overlay-gradient":""},"mobile":{"background-color":"","background-image":"","background-repeat":"repeat","background-position":"center center","background-size":"auto","background-attachment":"scroll","background-type":"","background-media":"","overlay-type":"","overlay-color":"","overlay-gradient":""}},"ast-content-background-meta":{"desktop":{"background-color":"var(--ast-global-color-5)","background-image":"","background-repeat":"repeat","background-position":"center center","background-size":"auto","background-attachment":"scroll","background-type":"","background-media":"","overlay-type":"","overlay-color":"","overlay-gradient":""},"tablet":{"background-color":"var(--ast-global-color-5)","background-image":"","background-repeat":"repeat","background-position":"center center","background-size":"auto","background-attachment":"scroll","background-type":"","background-media":"","overlay-type":"","overlay-color":"","overlay-gradient":""},"mobile":{"background-color":"var(--ast-global-color-5)","background-image":"","background-repeat":"repeat","background-position":"center center","background-size":"auto","background-attachment":"scroll","background-type":"","background-media":"","overlay-type":"","overlay-color":"","overlay-gradient":""}},"footnotes":""},"class_list":["post-670","page","type-page","status-publish","hentry"],"yoast_head":"<!-- This site is optimized with the Yoast SEO plugin v27.1.1 - https:\/\/yoast.com\/product\/yoast-seo-wordpress\/ -->\n<title>Pol\u00edtica de Privacidad - Hotel Golf Natura | Hotel en Port del Comte | Web Oficial<\/title>\n<meta name=\"robots\" content=\"index, follow, max-snippet:-1, max-image-preview:large, max-video-preview:-1\" \/>\n<link rel=\"canonical\" href=\"https:\/\/hotelgolfnatura.com\/en\/politica-de-privacidad\/\" \/>\n<meta property=\"og:locale\" content=\"en_GB\" \/>\n<meta property=\"og:type\" content=\"article\" \/>\n<meta property=\"og:title\" content=\"Pol\u00edtica de Privacidad - Hotel Golf Natura | Hotel en Port del Comte | Web Oficial\" \/>\n<meta property=\"og:description\" content=\"Pol\u00edtica de Privacidad 1.\u00a0INFORMACI\u00d3N AL USUARIO HOTEL GOLF NATURA SL., como Responsable del Tratamiento, le informa que, seg\u00fan lo dispuesto en el Reglamento (UE) 2016\/679, de 27 de abril, (RGPD) y en la L.O. 3\/2018, de 5 de diciembre, de protecci\u00f3n de datos y garant\u00eda de los derechos digitales (LOPDGDD), trataremos su datos tal y [&hellip;]\" \/>\n<meta property=\"og:url\" content=\"https:\/\/hotelgolfnatura.com\/en\/politica-de-privacidad\/\" \/>\n<meta property=\"og:site_name\" content=\"Hotel Golf Natura | Hotel en Port del Comte | Web Oficial\" \/>\n<meta property=\"article:modified_time\" content=\"2023-12-04T09:39:21+00:00\" \/>\n<meta name=\"twitter:card\" content=\"summary_large_image\" \/>\n<meta name=\"twitter:label1\" content=\"Estimated reading time\" \/>\n\t<meta name=\"twitter:data1\" content=\"5 minutes\" \/>\n<script type=\"application\/ld+json\" class=\"yoast-schema-graph\">{\"@context\":\"https:\/\/schema.org\",\"@graph\":[{\"@type\":\"WebPage\",\"@id\":\"https:\/\/hotelgolfnatura.com\/politica-de-privacidad\/\",\"url\":\"https:\/\/hotelgolfnatura.com\/politica-de-privacidad\/\",\"name\":\"Pol\u00edtica de Privacidad - Hotel Golf Natura | Hotel en Port del Comte | Web Oficial\",\"isPartOf\":{\"@id\":\"\/#website\"},\"datePublished\":\"2022-06-26T17:09:51+00:00\",\"dateModified\":\"2023-12-04T09:39:21+00:00\",\"breadcrumb\":{\"@id\":\"https:\/\/hotelgolfnatura.com\/politica-de-privacidad\/#breadcrumb\"},\"inLanguage\":\"en-GB\",\"potentialAction\":[{\"@type\":\"ReadAction\",\"target\":[\"https:\/\/hotelgolfnatura.com\/politica-de-privacidad\/\"]}]},{\"@type\":\"BreadcrumbList\",\"@id\":\"https:\/\/hotelgolfnatura.com\/politica-de-privacidad\/#breadcrumb\",\"itemListElement\":[{\"@type\":\"ListItem\",\"position\":1,\"name\":\"Portada\",\"item\":\"https:\/\/hotelgolfnatura.com\/\"},{\"@type\":\"ListItem\",\"position\":2,\"name\":\"Pol\u00edtica de Privacidad\"}]},{\"@type\":\"WebSite\",\"@id\":\"\/#website\",\"url\":\"\/\",\"name\":\"Hotel Golf Natura | Hotel en Port del Comte | Web Oficial\",\"description\":\"El Hotel Golf Natura es un c\u00e1lido y familiar hotel de monta\u00f1a situado en plena naturaleza en Port del Comte, en la comarca del Solson\u00e9s.\",\"publisher\":{\"@id\":\"\/#organization\"},\"potentialAction\":[{\"@type\":\"SearchAction\",\"target\":{\"@type\":\"EntryPoint\",\"urlTemplate\":\"\/?s={search_term_string}\"},\"query-input\":{\"@type\":\"PropertyValueSpecification\",\"valueRequired\":true,\"valueName\":\"search_term_string\"}}],\"inLanguage\":\"en-GB\"},{\"@type\":\"Organization\",\"@id\":\"\/#organization\",\"name\":\"Hotel Golf Natura | Hotel en Port del Comte | Web Oficial\",\"url\":\"\/\",\"logo\":{\"@type\":\"ImageObject\",\"inLanguage\":\"en-GB\",\"@id\":\"\/#\/schema\/logo\/image\/\",\"url\":\"https:\/\/hotelgolfnatura.com\/wp-content\/uploads\/2023\/06\/logo-golf-natura-casa-dark-768x196-1.png\",\"contentUrl\":\"https:\/\/hotelgolfnatura.com\/wp-content\/uploads\/2023\/06\/logo-golf-natura-casa-dark-768x196-1.png\",\"width\":768,\"height\":196,\"caption\":\"Hotel Golf Natura | Hotel en Port del Comte | Web Oficial\"},\"image\":{\"@id\":\"\/#\/schema\/logo\/image\/\"}}]}<\/script>\n<!-- \/ Yoast SEO plugin. -->","yoast_head_json":{"title":"Privacy Policy - Hotel Golf Natura | Hotel in Port del Comte | Official Web","robots":{"index":"index","follow":"follow","max-snippet":"max-snippet:-1","max-image-preview":"max-image-preview:large","max-video-preview":"max-video-preview:-1"},"canonical":"https:\/\/hotelgolfnatura.com\/en\/politica-de-privacidad\/","og_locale":"en_GB","og_type":"article","og_title":"Pol\u00edtica de Privacidad - Hotel Golf Natura | Hotel en Port del Comte | Web Oficial","og_description":"Pol\u00edtica de Privacidad 1.\u00a0INFORMACI\u00d3N AL USUARIO HOTEL GOLF NATURA SL., como Responsable del Tratamiento, le informa que, seg\u00fan lo dispuesto en el Reglamento (UE) 2016\/679, de 27 de abril, (RGPD) y en la L.O. 3\/2018, de 5 de diciembre, de protecci\u00f3n de datos y garant\u00eda de los derechos digitales (LOPDGDD), trataremos su datos tal y [&hellip;]","og_url":"https:\/\/hotelgolfnatura.com\/en\/politica-de-privacidad\/","og_site_name":"Hotel Golf Natura | Hotel en Port del Comte | Web Oficial","article_modified_time":"2023-12-04T09:39:21+00:00","twitter_card":"summary_large_image","twitter_misc":{"Estimated reading time":"5 minutes"},"schema":{"@context":"https:\/\/schema.org","@graph":[{"@type":"WebPage","@id":"https:\/\/hotelgolfnatura.com\/politica-de-privacidad\/","url":"https:\/\/hotelgolfnatura.com\/politica-de-privacidad\/","name":"Privacy Policy - Hotel Golf Natura | Hotel in Port del Comte | Official Web","isPartOf":{"@id":"\/#website"},"datePublished":"2022-06-26T17:09:51+00:00","dateModified":"2023-12-04T09:39:21+00:00","breadcrumb":{"@id":"https:\/\/hotelgolfnatura.com\/politica-de-privacidad\/#breadcrumb"},"inLanguage":"en-GB","potentialAction":[{"@type":"ReadAction","target":["https:\/\/hotelgolfnatura.com\/politica-de-privacidad\/"]}]},{"@type":"BreadcrumbList","@id":"https:\/\/hotelgolfnatura.com\/politica-de-privacidad\/#breadcrumb","itemListElement":[{"@type":"ListItem","position":1,"name":"Portada","item":"https:\/\/hotelgolfnatura.com\/"},{"@type":"ListItem","position":2,"name":"Pol\u00edtica de Privacidad"}]},{"@type":"WebSite","@id":"\/#website","url":"\/","name":"Golf Natura Hotel | Hotel in Port del Comte | Official Web","description":"The Hotel Golf Natura is a warm and family-friendly mountain hotel located in the heart of nature in Port del Comte, in the Solson\u00e9s region.","publisher":{"@id":"\/#organization"},"potentialAction":[{"@type":"SearchAction","target":{"@type":"EntryPoint","urlTemplate":"\/?s={search_term_string}"},"query-input":{"@type":"PropertyValueSpecification","valueRequired":true,"valueName":"search_term_string"}}],"inLanguage":"en-GB"},{"@type":"Organization","@id":"\/#organization","name":"Golf Natura Hotel | Hotel in Port del Comte | Official Web","url":"\/","logo":{"@type":"ImageObject","inLanguage":"en-GB","@id":"\/#\/schema\/logo\/image\/","url":"https:\/\/hotelgolfnatura.com\/wp-content\/uploads\/2023\/06\/logo-golf-natura-casa-dark-768x196-1.png","contentUrl":"https:\/\/hotelgolfnatura.com\/wp-content\/uploads\/2023\/06\/logo-golf-natura-casa-dark-768x196-1.png","width":768,"height":196,"caption":"Hotel Golf Natura | Hotel en Port del Comte | Web Oficial"},"image":{"@id":"\/#\/schema\/logo\/image\/"}}]}},"_links":{"self":[{"href":"https:\/\/hotelgolfnatura.com\/en\/wp-json\/wp\/v2\/pages\/670","targetHints":{"allow":["GET"]}}],"collection":[{"href":"https:\/\/hotelgolfnatura.com\/en\/wp-json\/wp\/v2\/pages"}],"about":[{"href":"https:\/\/hotelgolfnatura.com\/en\/wp-json\/wp\/v2\/types\/page"}],"author":[{"embeddable":true,"href":"https:\/\/hotelgolfnatura.com\/en\/wp-json\/wp\/v2\/users\/2"}],"replies":[{"embeddable":true,"href":"https:\/\/hotelgolfnatura.com\/en\/wp-json\/wp\/v2\/comments?post=670"}],"version-history":[{"count":24,"href":"https:\/\/hotelgolfnatura.com\/en\/wp-json\/wp\/v2\/pages\/670\/revisions"}],"predecessor-version":[{"id":4079,"href":"https:\/\/hotelgolfnatura.com\/en\/wp-json\/wp\/v2\/pages\/670\/revisions\/4079"}],"wp:attachment":[{"href":"https:\/\/hotelgolfnatura.com\/en\/wp-json\/wp\/v2\/media?parent=670"}],"curies":[{"name":"wp","href":"https:\/\/api.w.org\/{rel}","templated":true}]}}