{"id":3,"date":"2022-06-04T14:51:19","date_gmt":"2022-06-04T14:51:19","guid":{"rendered":"https:\/\/hotelgolfnatura.com?page_id=3"},"modified":"2023-12-11T15:17:07","modified_gmt":"2023-12-11T15:17:07","slug":"aviso-legal","status":"publish","type":"page","link":"https:\/\/hotelgolfnatura.com\/en\/aviso-legal\/","title":{"rendered":"Legal Notice"},"content":{"rendered":"<div data-elementor-type=\"wp-page\" data-elementor-id=\"3\" class=\"elementor elementor-3\" data-elementor-post-type=\"page\">\n\t\t\t\t\t\t<section class=\"elementor-section elementor-top-section elementor-element elementor-element-752ce17d elementor-section-boxed elementor-section-height-default elementor-section-height-default\" data-id=\"752ce17d\" data-element_type=\"section\" data-e-type=\"section\">\n\t\t\t\t\t\t<div class=\"elementor-container elementor-column-gap-default\">\n\t\t\t\t\t<div class=\"elementor-column elementor-col-100 elementor-top-column elementor-element elementor-element-687de1a1\" data-id=\"687de1a1\" data-element_type=\"column\" data-e-type=\"column\">\n\t\t\t<div class=\"elementor-widget-wrap elementor-element-populated\">\n\t\t\t\t\t\t<div class=\"elementor-element elementor-element-309613ba elementor-widget elementor-widget-text-editor\" data-id=\"309613ba\" data-element_type=\"widget\" data-e-type=\"widget\" data-widget_type=\"text-editor.default\">\n\t\t\t\t<div class=\"elementor-widget-container\">\n\t\t\t\t\t\t\t\t\t<p><\/p>\n<h1 class=\"wp-block-heading\">Legal Notice<\/h1>\n<p><\/p>\n<h3 class=\"wp-block-heading\"><strong>Identification<\/strong><\/h3>\n<p><\/p>\n<p>This Legal Notice has been created by Hotel Golf Natura, SL, (the owner) with CIF B25673765, address at&nbsp;<span style=\"background-color: var(--ast-global-color-5);\">Pujada Golf Camp, 9&nbsp;<\/span><span style=\"background-color: var(--ast-global-color-5);\">Lleida -Spain&nbsp;<\/span><span style=\"font-style: inherit; font-weight: inherit; color: var(--ast-global-color-3); background-color: var(--ast-global-color-5);\">La Coma I La Pedra&nbsp;<\/span><span style=\"font-style: inherit; font-weight: inherit; color: var(--ast-global-color-3); background-color: var(--ast-global-color-5);\">25284<\/span><span style=\"font-style: inherit; font-weight: inherit; background-color: var(--ast-global-color-5); color: var(--ast-global-color-3);\">&nbsp;and e-mail info@hotelgolfnatura.com.<\/span><\/p>\n<p><\/p>\n<h3 class=\"wp-block-heading\"><strong>Intellectual Property<\/strong><\/h3>\n<p><\/p>\n<p>The Owner is the exclusive owner of all the contents of the hotelgolfnatura.com\/ website: texts, graphics, images, logos, software files, colors, structure, selection, arrangement and presentation of contents, the computer program for its creation and its operation; and the total and\/or partial reproduction, public communication and storage of this page and any other material and\/or element that comprises it protected by the Intellectual Property Law, without obtaining the prior consent of the owner, is totally prohibited.<\/p>\n<p><\/p>\n<h3 class=\"wp-block-heading\"><strong>General terms and conditions of use<\/strong><\/h3>\n<p><\/p>\n<p>The user of the website (hereinafter the user) fully and unreservedly accepts the provisions included in this Legal Notice, in the version published by the Owner at the time the user accesses the website.<\/p>\n<p>The website may be visited freely and the user undertakes to use its contents and services in accordance with the Law and this Legal Notice. To this end, the user will refrain from using the website for illicit purposes or effects, prohibited and detrimental to the rights and interests of third parties.<\/p>\n<p>You may not misuse the website service by using it to spam, abuse, harass or otherwise violate the Terms of Use or Privacy Policy.<\/p>\n<p>The Owner is not responsible for the opinions or comments of users, errors or omissions, the contents of the Web or other content, which can be accessed through the same, nor for any damages arising from the use of the Web, nor for any action taken on the basis of the information provided on the Web.<\/p>\n<p>The Holder does not guarantee the absence of viruses or other harmful elements that may cause damage or alterations to the computer system, electronic documents or files of the user of the Website; nor is it responsible for any damages that such elements may cause to the user or third parties.<\/p>\n<p>The content of the website may be modified, extended or deleted at any time, without prior notice.<\/p>\n<p>The Owner reserves the right to update the contents of the website and to remove them, as well as to limit and prevent access to them, either temporarily or permanently, without prior notice.<\/p>\n<p><strong style=\"font-size: 1.5em;\">Security<\/strong><\/p>\n<p><\/p>\n<p>The personal information provided will be protected by industry standards and technology. As the Internet is not a completely secure environment, the security of any information transmitted to the site cannot be guaranteed.<\/p>\n<p>You are responsible for maintaining the confidentiality of your unique password and account information and for controlling access to your electronic communications at all times.<\/p>\n<p><\/p>\n<h3 class=\"wp-block-heading\"><strong>Protection of personal data<\/strong><\/h3>\n<p><\/p>\n<p>In accordance with the provisions of the European Data Protection Regulation (EU Regulation 2016\/679), we inform you that the personal data provided through this website will be processed by Hotel Golf Natura, SL based on your consent and to carry out the requested management, respond to your request and send information of interest to you.<\/p>\n<p>Personal data will be kept for the period of time established by current legislation or when deletion is requested. They will not be transferred to third parties except in the cases provided for by law. There is no international transfer of data.<\/p>\n<p>You can exercise your rights of access, rectification, cancellation, limitation, portability and opposition by writing to Hotel Golf Natura, SL, domiciled at&nbsp;<span style=\"background-color: var(--ast-global-color-5);\">Pujada Golf Camp, 9<\/span><span style=\"background-color: var(--ast-global-color-5); white-space: pre;\">\t<\/span><span style=\"background-color: var(--ast-global-color-5);\">Lleida -Spain&nbsp;<\/span><span style=\"font-style: inherit; font-weight: inherit; color: var(--ast-global-color-3); background-color: var(--ast-global-color-5);\">La Coma I La Pedra&nbsp;<\/span><span style=\"font-style: inherit; font-weight: inherit; color: var(--ast-global-color-3); background-color: var(--ast-global-color-5);\">25284&nbsp;<\/span><span style=\"font-style: inherit; font-weight: inherit; background-color: var(--ast-global-color-5); color: var(--ast-global-color-3);\">or by e-mail to info@hotelgolfnatura.com\/. You can also exercise the protection of your rights before the Spanish Data Protection Agency.<\/span><\/p>\n<p><\/p>\n<h3 class=\"wp-block-heading\"><strong>Applicable law and jurisdiction<\/strong><\/h3>\n<p><\/p>\n<p>These General Conditions are governed by Spanish legislation. For the resolution of any conflicts arising from this Legal Notice, the parties agree to submit, freely and waiving any other jurisdiction or jurisdiction to which they may be entitled, to the courts and tribunals of the city of Hotel Golf Natura, SL<\/p>\n<p><\/p>\t\t\t\t\t\t\t\t<\/div>\n\t\t\t\t<\/div>\n\t\t\t\t\t<\/div>\n\t\t<\/div>\n\t\t\t\t\t<\/div>\n\t\t<\/section>\n\t\t\t\t<\/div>","protected":false},"excerpt":{"rendered":"<p>Aviso Legal Identificaci\u00f3n Este Aviso Legal ha sido creado por Hotel Golf Natura, SL, (el titular) con CIF B25673765, domicilio en&nbsp;Pujada Camp de Golf, 9&nbsp;Lleida -Espa\u00f1a&nbsp;La Coma I La Pedra&nbsp;25284&nbsp;y e-mail info@hotelgolfnatura.com. Propiedad Intelectual El Titular es propietario &nbsp;en exclusiva de todos los contenidos del sitio Web&nbsp;hotelgolfnatura.com\/: textos, gr\u00e1ficos, im\u00e1genes, logotipos, archivos de sotfware, colores, [&hellip;]<\/p>\n","protected":false},"author":2,"featured_media":0,"parent":0,"menu_order":0,"comment_status":"closed","ping_status":"closed","template":"","meta":{"site-sidebar-layout":"default","site-content-layout":"","ast-site-content-layout":"","site-content-style":"default","site-sidebar-style":"default","ast-global-header-display":"","ast-banner-title-visibility":"","ast-main-header-display":"","ast-hfb-above-header-display":"","ast-hfb-below-header-display":"","ast-hfb-mobile-header-display":"","site-post-title":"disabled","ast-breadcrumbs-content":"","ast-featured-img":"","footer-sml-layout":"","theme-transparent-header-meta":"","adv-header-id-meta":"","stick-header-meta":"","header-above-stick-meta":"","header-main-stick-meta":"","header-below-stick-meta":"","astra-migrate-meta-layouts":"default","ast-page-background-enabled":"default","ast-page-background-meta":{"desktop":{"background-color":"","background-image":"","background-repeat":"repeat","background-position":"center center","background-size":"auto","background-attachment":"scroll","background-type":"","background-media":"","overlay-type":"","overlay-color":"","overlay-gradient":""},"tablet":{"background-color":"","background-image":"","background-repeat":"repeat","background-position":"center center","background-size":"auto","background-attachment":"scroll","background-type":"","background-media":"","overlay-type":"","overlay-color":"","overlay-gradient":""},"mobile":{"background-color":"","background-image":"","background-repeat":"repeat","background-position":"center center","background-size":"auto","background-attachment":"scroll","background-type":"","background-media":"","overlay-type":"","overlay-color":"","overlay-gradient":""}},"ast-content-background-meta":{"desktop":{"background-color":"var(--ast-global-color-5)","background-image":"","background-repeat":"repeat","background-position":"center center","background-size":"auto","background-attachment":"scroll","background-type":"","background-media":"","overlay-type":"","overlay-color":"","overlay-gradient":""},"tablet":{"background-color":"var(--ast-global-color-5)","background-image":"","background-repeat":"repeat","background-position":"center center","background-size":"auto","background-attachment":"scroll","background-type":"","background-media":"","overlay-type":"","overlay-color":"","overlay-gradient":""},"mobile":{"background-color":"var(--ast-global-color-5)","background-image":"","background-repeat":"repeat","background-position":"center center","background-size":"auto","background-attachment":"scroll","background-type":"","background-media":"","overlay-type":"","overlay-color":"","overlay-gradient":""}},"footnotes":""},"class_list":["post-3","page","type-page","status-publish","hentry"],"yoast_head":"<!-- This site is optimized with the Yoast SEO plugin v27.1.1 - https:\/\/yoast.com\/product\/yoast-seo-wordpress\/ -->\n<title>Aviso Legal - Hotel Golf Natura | Hotel en Port del Comte | Web Oficial<\/title>\n<meta name=\"robots\" content=\"index, follow, max-snippet:-1, max-image-preview:large, max-video-preview:-1\" \/>\n<link rel=\"canonical\" href=\"https:\/\/hotelgolfnatura.com\/en\/aviso-legal\/\" \/>\n<meta property=\"og:locale\" content=\"en_GB\" \/>\n<meta property=\"og:type\" content=\"article\" \/>\n<meta property=\"og:title\" content=\"Aviso Legal - Hotel Golf Natura | Hotel en Port del Comte | Web Oficial\" \/>\n<meta property=\"og:description\" content=\"Aviso Legal Identificaci\u00f3n Este Aviso Legal ha sido creado por Hotel Golf Natura, SL, (el titular) con CIF B25673765, domicilio en&nbsp;Pujada Camp de Golf, 9&nbsp;Lleida -Espa\u00f1a&nbsp;La Coma I La Pedra&nbsp;25284&nbsp;y e-mail info@hotelgolfnatura.com. Propiedad Intelectual El Titular es propietario &nbsp;en exclusiva de todos los contenidos del sitio Web&nbsp;hotelgolfnatura.com\/: textos, gr\u00e1ficos, im\u00e1genes, logotipos, archivos de sotfware, colores, [&hellip;]\" \/>\n<meta property=\"og:url\" content=\"https:\/\/hotelgolfnatura.com\/en\/aviso-legal\/\" \/>\n<meta property=\"og:site_name\" content=\"Hotel Golf Natura | Hotel en Port del Comte | Web Oficial\" \/>\n<meta property=\"article:modified_time\" content=\"2023-12-11T15:17:07+00:00\" \/>\n<meta name=\"twitter:card\" content=\"summary_large_image\" \/>\n<meta name=\"twitter:label1\" content=\"Estimated reading time\" \/>\n\t<meta name=\"twitter:data1\" content=\"4 minutes\" \/>\n<script type=\"application\/ld+json\" class=\"yoast-schema-graph\">{\"@context\":\"https:\/\/schema.org\",\"@graph\":[{\"@type\":\"WebPage\",\"@id\":\"https:\/\/hotelgolfnatura.com\/aviso-legal\/\",\"url\":\"https:\/\/hotelgolfnatura.com\/aviso-legal\/\",\"name\":\"Aviso Legal - Hotel Golf Natura | Hotel en Port del Comte | Web Oficial\",\"isPartOf\":{\"@id\":\"\/#website\"},\"datePublished\":\"2022-06-04T14:51:19+00:00\",\"dateModified\":\"2023-12-11T15:17:07+00:00\",\"breadcrumb\":{\"@id\":\"https:\/\/hotelgolfnatura.com\/aviso-legal\/#breadcrumb\"},\"inLanguage\":\"en-GB\",\"potentialAction\":[{\"@type\":\"ReadAction\",\"target\":[\"https:\/\/hotelgolfnatura.com\/aviso-legal\/\"]}]},{\"@type\":\"BreadcrumbList\",\"@id\":\"https:\/\/hotelgolfnatura.com\/aviso-legal\/#breadcrumb\",\"itemListElement\":[{\"@type\":\"ListItem\",\"position\":1,\"name\":\"Portada\",\"item\":\"https:\/\/hotelgolfnatura.com\/\"},{\"@type\":\"ListItem\",\"position\":2,\"name\":\"Aviso Legal\"}]},{\"@type\":\"WebSite\",\"@id\":\"\/#website\",\"url\":\"\/\",\"name\":\"Hotel Golf Natura | Hotel en Port del Comte | Web Oficial\",\"description\":\"El Hotel Golf Natura es un c\u00e1lido y familiar hotel de monta\u00f1a situado en plena naturaleza en Port del Comte, en la comarca del Solson\u00e9s.\",\"publisher\":{\"@id\":\"\/#organization\"},\"potentialAction\":[{\"@type\":\"SearchAction\",\"target\":{\"@type\":\"EntryPoint\",\"urlTemplate\":\"\/?s={search_term_string}\"},\"query-input\":{\"@type\":\"PropertyValueSpecification\",\"valueRequired\":true,\"valueName\":\"search_term_string\"}}],\"inLanguage\":\"en-GB\"},{\"@type\":\"Organization\",\"@id\":\"\/#organization\",\"name\":\"Hotel Golf Natura | Hotel en Port del Comte | Web Oficial\",\"url\":\"\/\",\"logo\":{\"@type\":\"ImageObject\",\"inLanguage\":\"en-GB\",\"@id\":\"\/#\/schema\/logo\/image\/\",\"url\":\"https:\/\/hotelgolfnatura.com\/wp-content\/uploads\/2023\/06\/logo-golf-natura-casa-dark-768x196-1.png\",\"contentUrl\":\"https:\/\/hotelgolfnatura.com\/wp-content\/uploads\/2023\/06\/logo-golf-natura-casa-dark-768x196-1.png\",\"width\":768,\"height\":196,\"caption\":\"Hotel Golf Natura | Hotel en Port del Comte | Web Oficial\"},\"image\":{\"@id\":\"\/#\/schema\/logo\/image\/\"}}]}<\/script>\n<!-- \/ Yoast SEO plugin. -->","yoast_head_json":{"title":"Legal Notice - Hotel Golf Natura | Hotel in Port del Comte | Official Web","robots":{"index":"index","follow":"follow","max-snippet":"max-snippet:-1","max-image-preview":"max-image-preview:large","max-video-preview":"max-video-preview:-1"},"canonical":"https:\/\/hotelgolfnatura.com\/en\/aviso-legal\/","og_locale":"en_GB","og_type":"article","og_title":"Aviso Legal - Hotel Golf Natura | Hotel en Port del Comte | Web Oficial","og_description":"Aviso Legal Identificaci\u00f3n Este Aviso Legal ha sido creado por Hotel Golf Natura, SL, (el titular) con CIF B25673765, domicilio en&nbsp;Pujada Camp de Golf, 9&nbsp;Lleida -Espa\u00f1a&nbsp;La Coma I La Pedra&nbsp;25284&nbsp;y e-mail info@hotelgolfnatura.com. Propiedad Intelectual El Titular es propietario &nbsp;en exclusiva de todos los contenidos del sitio Web&nbsp;hotelgolfnatura.com\/: textos, gr\u00e1ficos, im\u00e1genes, logotipos, archivos de sotfware, colores, [&hellip;]","og_url":"https:\/\/hotelgolfnatura.com\/en\/aviso-legal\/","og_site_name":"Hotel Golf Natura | Hotel en Port del Comte | Web Oficial","article_modified_time":"2023-12-11T15:17:07+00:00","twitter_card":"summary_large_image","twitter_misc":{"Estimated reading time":"4 minutes"},"schema":{"@context":"https:\/\/schema.org","@graph":[{"@type":"WebPage","@id":"https:\/\/hotelgolfnatura.com\/aviso-legal\/","url":"https:\/\/hotelgolfnatura.com\/aviso-legal\/","name":"Legal Notice - Hotel Golf Natura | Hotel in Port del Comte | Official Web","isPartOf":{"@id":"\/#website"},"datePublished":"2022-06-04T14:51:19+00:00","dateModified":"2023-12-11T15:17:07+00:00","breadcrumb":{"@id":"https:\/\/hotelgolfnatura.com\/aviso-legal\/#breadcrumb"},"inLanguage":"en-GB","potentialAction":[{"@type":"ReadAction","target":["https:\/\/hotelgolfnatura.com\/aviso-legal\/"]}]},{"@type":"BreadcrumbList","@id":"https:\/\/hotelgolfnatura.com\/aviso-legal\/#breadcrumb","itemListElement":[{"@type":"ListItem","position":1,"name":"Portada","item":"https:\/\/hotelgolfnatura.com\/"},{"@type":"ListItem","position":2,"name":"Aviso Legal"}]},{"@type":"WebSite","@id":"\/#website","url":"\/","name":"Golf Natura Hotel | Hotel in Port del Comte | Official Web","description":"The Hotel Golf Natura is a warm and family-friendly mountain hotel located in the heart of nature in Port del Comte, in the Solson\u00e9s region.","publisher":{"@id":"\/#organization"},"potentialAction":[{"@type":"SearchAction","target":{"@type":"EntryPoint","urlTemplate":"\/?s={search_term_string}"},"query-input":{"@type":"PropertyValueSpecification","valueRequired":true,"valueName":"search_term_string"}}],"inLanguage":"en-GB"},{"@type":"Organization","@id":"\/#organization","name":"Golf Natura Hotel | Hotel in Port del Comte | Official Web","url":"\/","logo":{"@type":"ImageObject","inLanguage":"en-GB","@id":"\/#\/schema\/logo\/image\/","url":"https:\/\/hotelgolfnatura.com\/wp-content\/uploads\/2023\/06\/logo-golf-natura-casa-dark-768x196-1.png","contentUrl":"https:\/\/hotelgolfnatura.com\/wp-content\/uploads\/2023\/06\/logo-golf-natura-casa-dark-768x196-1.png","width":768,"height":196,"caption":"Hotel Golf Natura | Hotel en Port del Comte | Web Oficial"},"image":{"@id":"\/#\/schema\/logo\/image\/"}}]}},"_links":{"self":[{"href":"https:\/\/hotelgolfnatura.com\/en\/wp-json\/wp\/v2\/pages\/3","targetHints":{"allow":["GET"]}}],"collection":[{"href":"https:\/\/hotelgolfnatura.com\/en\/wp-json\/wp\/v2\/pages"}],"about":[{"href":"https:\/\/hotelgolfnatura.com\/en\/wp-json\/wp\/v2\/types\/page"}],"author":[{"embeddable":true,"href":"https:\/\/hotelgolfnatura.com\/en\/wp-json\/wp\/v2\/users\/2"}],"replies":[{"embeddable":true,"href":"https:\/\/hotelgolfnatura.com\/en\/wp-json\/wp\/v2\/comments?post=3"}],"version-history":[{"count":16,"href":"https:\/\/hotelgolfnatura.com\/en\/wp-json\/wp\/v2\/pages\/3\/revisions"}],"predecessor-version":[{"id":4210,"href":"https:\/\/hotelgolfnatura.com\/en\/wp-json\/wp\/v2\/pages\/3\/revisions\/4210"}],"wp:attachment":[{"href":"https:\/\/hotelgolfnatura.com\/en\/wp-json\/wp\/v2\/media?parent=3"}],"curies":[{"name":"wp","href":"https:\/\/api.w.org\/{rel}","templated":true}]}}