{"id":4524,"date":"2024-04-04T16:54:39","date_gmt":"2024-04-04T16:54:39","guid":{"rendered":"https:\/\/hotelgolfnatura.com\/?page_id=4524"},"modified":"2024-04-04T16:57:56","modified_gmt":"2024-04-04T16:57:56","slug":"politica-de-cookies","status":"publish","type":"page","link":"https:\/\/hotelgolfnatura.com\/ca\/politica-de-cookies\/","title":{"rendered":"Pol\u00edtica de Cookies"},"content":{"rendered":"<div data-elementor-type=\"wp-page\" data-elementor-id=\"4524\" class=\"elementor elementor-4524\" data-elementor-post-type=\"page\">\n\t\t\t\t\t\t<section class=\"elementor-section elementor-top-section elementor-element elementor-element-5f9ff37 elementor-section-boxed elementor-section-height-default elementor-section-height-default\" data-id=\"5f9ff37\" data-element_type=\"section\" data-e-type=\"section\">\n\t\t\t\t\t\t<div class=\"elementor-container elementor-column-gap-default\">\n\t\t\t\t\t<div class=\"elementor-column elementor-col-100 elementor-top-column elementor-element elementor-element-40dcced\" data-id=\"40dcced\" data-element_type=\"column\" data-e-type=\"column\">\n\t\t\t<div class=\"elementor-widget-wrap elementor-element-populated\">\n\t\t\t\t\t\t<div class=\"elementor-element elementor-element-631243e elementor-widget elementor-widget-text-editor\" data-id=\"631243e\" data-element_type=\"widget\" data-e-type=\"widget\" data-widget_type=\"text-editor.default\">\n\t\t\t\t<div class=\"elementor-widget-container\">\n\t\t\t\t\t\t\t\t\t<h1 class=\"wp-block-heading\">Pol\u00edtica de Cookies<\/h1><p><!-- \/wp:heading --><\/p><p><!-- wp:paragraph --><\/p><p>Data: 26 de mar\u00e7 de 2024<\/p><p><!-- \/wp:paragraph --><\/p><p><!-- wp:heading {\"level\":3} --><\/p><h3 class=\"wp-block-heading\">Qu\u00e8 s\u00f3n les galetes?<\/h3><p><!-- \/wp:heading --><\/p><p><!-- wp:paragraph --><\/p><p>Aquesta Pol\u00edtica de galetes explica qu\u00e8 s\u00f3n les galetes i com les fem servir, els tipus de galetes que utilitzem, \u00e9s a dir, la informaci\u00f3 que recopilem mitjan\u00e7ant galetes i com s&#039;usa aquesta informaci\u00f3, i com administrar la configuraci\u00f3 de les galetes.<br \/>Les galetes s\u00f3n petits fitxers de text que s&#039;utilitzen per emmagatzemar petits fragments d&#039;informaci\u00f3. S&#039;emmagatzemen al dispositiu quan el lloc web es carrega al navegador. Aquestes cookies ens ajuden a fer que el lloc web funcioni correctament, fer-lo m\u00e9s segur, brindar una millor experi\u00e8ncia d&#039;usuari i comprendre com funciona el lloc web i analitzar qu\u00e8 funciona i on necessita millorar.<\/p><p><!-- \/wp:paragraph --><\/p><p><!-- wp:heading {\"level\":3} --><\/p><h3 class=\"wp-block-heading\">Com fem servir les galetes?<\/h3><p><!-- \/wp:heading --><\/p><p><!-- wp:paragraph --><\/p><p>Com la majoria dels serveis en l\u00ednia, el nostre lloc web utilitza cookies pr\u00f2pies i de tercers per a diversos prop\u00f2sits. Les cookies d&#039;origen s\u00f3n majorit\u00e0riament necess\u00e0ries perqu\u00e8 el lloc web funcioni correctament i no recopilen cap de les vostres dades d&#039;identificaci\u00f3 personal.<br \/>Les cookies de tercers utilitzades al nostre lloc web s\u00f3n principalment per comprendre com funciona el lloc web, com interactua vost\u00e8 amb el nostre lloc web, mantenir els nostres serveis segurs, proporcionar anuncis que siguin rellevants per a vost\u00e8 i, en general, oferir-li un usuari millor i millorat . experi\u00e8ncia i ajudar a accelerar les seves futures interaccions amb el nostre lloc web.<\/p><p><!-- \/wp:paragraph --><\/p><p><!-- wp:heading {\"level\":3} --><\/p><h3 class=\"wp-block-heading\">Tipus de cookies que utilitzem\u00a0<\/h3><h3>Necess\u00e0ria<\/h3><div class=\"cky-audit-table-element\"><div class=\"cky-category-des\"><p>Les cookies necess\u00e0ries s\u00f3n crucials per a les funcions b\u00e0siques del lloc web i el lloc web no funcionar\u00e0 de la manera prevista sense. Aquestes galetes no emmagatzemen cap dada didentificaci\u00f3 personal.<\/p><\/div><div class=\"cky-table-wrapper\"><table class=\"cky-cookie-audit-table\"><thead><tr><th>Cookie<\/th><th>Durada<\/th><th>Descripci\u00f3<\/th><\/tr><\/thead><tbody><tr><td>cookielawinfo-checkbox-necessary<\/td><td>1 any<\/td><td>Establida pel plugin GDPR Cookie Consent, aquesta galeta registra el consentiment de l&#039;usuari per a les galetes de la categoria \u201cNecessari\u201d.<\/td><\/tr><tr><td>cookielawinfo-checkbox-functional<\/td><td>1 any<\/td><td>El plugin GDPR Cookie Consent estableix la galeta per registrar el consentiment de l&#039;usuari per a les galetes de la categoria \u201cFuncional\u201d.<\/td><\/tr><tr><td>cookielawinfo-checkbox-performance<\/td><td>1 any<\/td><td>Establida pel plugin GDPR Cookie Consent, aquesta galeta emmagatzema el consentiment de l&#039;usuari per a les galetes de la categoria \u201cRendiment\u201d.<\/td><\/tr><tr><td>cookielawinfo-checkbox-analytics<\/td><td>1 any<\/td><td>Establida pel plugin GDPR Cookie Consent, aquesta galeta registra el consentiment de l&#039;usuari per a les galetes de la categoria \u201cAnal\u00edtiques\u201d.<\/td><\/tr><tr><td>cookielawinfo-checkbox-advertisement<\/td><td>1 any<\/td><td>Establida pel plugin GDPR Cookie Consent, aquesta galeta registra el consentiment de l&#039;usuari per a les galetes de la categoria \u201cPublicitat\u201d.<\/td><\/tr><tr><td>cookielawinfo-checkbox-others<\/td><td>1 any<\/td><td>Establida pel plugin GDPR Cookie Consent, aquesta galeta emmagatzema el consentiment de l&#039;usuari per a les galetes de la categoria \u201cAltres\u201d.<\/td><\/tr><tr><td>elementor<\/td><td>Mai<\/td><td>El tema de WordPress del lloc web estableix aquesta galeta. Permet al propietari del lloc web implementar o canviar el contingut del lloc web a temps real.<\/td><\/tr><\/tbody><\/table><\/div><h3>Funcional<\/h3><div class=\"cky-category-des\"><p>Les cookies funcionals ajuden a realitzar certes funcionalitats, com ara compartir el contingut del lloc web en plataformes de xarxes socials, recopilar comentaris i altres caracter\u00edstiques de tercers.<\/p><\/div><div class=\"cky-table-wrapper\"><table class=\"cky-cookie-audit-table\"><thead><tr><th>Cookie<\/th><th>Durada<\/th><th>Descripci\u00f3<\/th><\/tr><\/thead><tbody><tr><td>_lscache_vary<\/td><td>2 dies<\/td><td>Litespeed sets this cookie to provide the prevention of cached pages.<\/td><\/tr><\/tbody><\/table><\/div><h3>Anal\u00edtica<\/h3><div class=\"cky-category-des\"><p>Les galetes anal\u00edtiques s&#039;utilitzen per comprendre com interactuen els visitants amb el lloc web. Aquestes galetes ajuden a proporcionar informaci\u00f3 sobre m\u00e8triques el nombre de visitants, el percentatge de rebot, la font de tr\u00e0nsit, etc.<\/p><\/div><div class=\"cky-table-wrapper\"><table class=\"cky-cookie-audit-table\"><thead><tr><th>Cookie<\/th><th>Durada<\/th><th>Descripci\u00f3<\/th><\/tr><\/thead><tbody><tr><td>_gcl_au<\/td><td>3 mesos<\/td><td>Google Tag Manager estableix la galeta per experimentar l&#039;efic\u00e0cia publicit\u00e0ria dels llocs web que utilitzen els vostres serveis.<\/td><\/tr><tr><td>_ga_*<\/td><td>1 any 1 mes 4 dies<\/td><td>Google Analytics sets this cookie to store and count page views.<\/td><\/tr><tr><td>_ga<\/td><td>1 any 1 mes 4 dies<\/td><td>Google Analytics estableix aquesta galeta per calcular les dades dels visitants, de les sessions i de les campanyes i per fer un seguiment de l&#039;\u00fas del lloc per a l&#039;informe d&#039;an\u00e0lisi del lloc. La galeta emmagatzema la informaci\u00f3 de forma an\u00f2nima i assigna un n\u00famero generat aleat\u00f2riament per recon\u00e8ixer els visitants \u00fanics.<\/td><\/tr><tr><td>_fbp<\/td><td>3 mesos<\/td><td>Facebook estableix aquesta galeta per mostrar anuncis a Facebook o en una plataforma digital amb publicitat de Facebook despr\u00e9s de visitar el lloc web.<\/td><\/tr><tr><td>_gid<\/td><td>1 dia<\/td><td>Google Analytics estableix aquesta galeta per emmagatzemar informaci\u00f3 sobre l&#039;\u00fas que fan els visitants d&#039;un lloc web, alhora que crea un informe anal\u00edtic sobre el rendiment del lloc. Algunes de les dades recollides inclouen el nombre de visitants, el seu origen i les p\u00e0gines que visiten de manera an\u00f2nima.<\/td><\/tr><tr><td>_gat_gtag_UA_*<\/td><td>1 minut<\/td><td>Google Analytics sets this cookie to store a unique user ID.<\/td><\/tr><\/tbody><\/table><\/div><\/div>\t\t\t\t\t\t\t\t<\/div>\n\t\t\t\t<\/div>\n\t\t\t\t\t<\/div>\n\t\t<\/div>\n\t\t\t\t\t<\/div>\n\t\t<\/section>\n\t\t\t\t<section class=\"elementor-section elementor-top-section elementor-element elementor-element-916b43a elementor-section-boxed elementor-section-height-default elementor-section-height-default\" data-id=\"916b43a\" data-element_type=\"section\" data-e-type=\"section\">\n\t\t\t\t\t\t<div class=\"elementor-container elementor-column-gap-default\">\n\t\t\t\t\t<div class=\"elementor-column elementor-col-100 elementor-top-column elementor-element elementor-element-d4fb638\" data-id=\"d4fb638\" data-element_type=\"column\" data-e-type=\"column\">\n\t\t\t<div class=\"elementor-widget-wrap elementor-element-populated\">\n\t\t\t\t\t\t<div class=\"elementor-element elementor-element-1616066 elementor-widget elementor-widget-text-editor\" data-id=\"1616066\" data-element_type=\"widget\" data-e-type=\"widget\" data-widget_type=\"text-editor.default\">\n\t\t\t\t<div class=\"elementor-widget-container\">\n\t\t\t\t\t\t\t\t\t<h3>Administrar prefer\u00e8ncies de cookies<\/h3><p><!-- \/wp:heading --><\/p><p><!-- wp:paragraph --><\/p><p><strong>Configuraci\u00f3 de cookies\u00a0<\/strong><span style=\"color: #008000;\"><a class=\"cky-banner-element\" style=\"font-size: 1rem; color: #008000;\">Cookie Settings<\/a><\/span><\/p><p>Podeu canviar les vostres prefer\u00e8ncies de cookies en qualsevol moment fent clic al bot\u00f3 de dalt.<\/p><p>Aix\u00f2 us permetr\u00e0 tornar a visitar el banner de consentiment de cookies i canviar les vostres prefer\u00e8ncies o retirar el vostre consentiment immediatament.<\/p><p>A m\u00e9s d&#039;aix\u00f2, diferents navegadors ofereixen diferents m\u00e8todes per bloquejar i eliminar les galetes utilitzades pels llocs web<\/p><p class=\"wp-block-heading\">Podeu canviar la configuraci\u00f3 del vostre navegador per bloquejar\/eliminar les cookies.<\/p><p><strong>A continuaci\u00f3 s&#039;enumeren els enlla\u00e7os als documents de suport sobre com administrar i eliminar galetes dels principals navegadors web:<\/strong><\/p><p><!-- \/wp:paragraph --><\/p><p><!-- wp:paragraph --><\/p><p><strong>Chrome<\/strong>: <span style=\"color: #008000;\"><a style=\"color: #008000;\" href=\"https:\/\/support.google.com\/accounts\/answer\/32050\" target=\"_blank\" rel=\"noreferrer noopener\">https:\/\/support.google.com\/accounts\/answer\/32050<\/a><\/span><br \/><strong>Safari<\/strong>: <span style=\"color: #008000;\"><a style=\"color: #008000;\" href=\"https:\/\/support.apple.com\/en-in\/guide\/safari\/sfri11471\/mac\" target=\"_blank\" rel=\"noreferrer noopener\">https:\/\/support.apple.com\/en-in\/guide\/safari\/sfri11471\/mac<\/a><\/span><br \/><strong>Firefox<\/strong>: <span style=\"color: #008000;\"><a style=\"color: #008000;\" href=\"https:\/\/support.mozilla.org\/en-US\/kb\/clear-cookies-and-site-data-firefox?redirectslug=delete-cookies-remove-info-websites-stored&amp;redirectlocale=en-US\" target=\"_blank\" rel=\"noreferrer noopener\">https:\/\/support.mozilla.org\/en-US\/kb\/clear-cookies-and-site-data-firefox?redirectslug=delete-cookies-remove-info-websites-stored&amp;redirectlocale=en-US<\/a><\/span><br \/><strong>Internet Explorer<\/strong>: <span style=\"color: #008000;\"><a style=\"color: #008000;\" href=\"https:\/\/support.microsoft.com\/en-us\/topic\/how-to-delete-cookie-files-in-internet-explorer-bca9446f-d873-78de-77ba-d42645fa52fc\" target=\"_blank\" rel=\"noreferrer noopener\">https:\/\/support.microsoft.com\/en-us\/topic\/how-to-delete-cookie-files-in-internet-explorer-bca9446f-d873-78de-77ba-d42645fa52fc<\/a><\/span><\/p><p><span style=\"font-style: inherit; font-weight: inherit; background-color: var(--ast-global-color-5); color: var(--ast-global-color-3);\">\u00a0<\/span><\/p><p>Si utilitzeu qualsevol altre navegador web, visiteu els documents de suport oficials del vostre navegador.<\/p>\t\t\t\t\t\t\t\t<\/div>\n\t\t\t\t<\/div>\n\t\t\t\t\t<\/div>\n\t\t<\/div>\n\t\t\t\t\t<\/div>\n\t\t<\/section>\n\t\t\t\t<\/div>","protected":false},"excerpt":{"rendered":"<p>Pol\u00edtica de Cookies Fecha: 26 de marzo de 2024 \u00bfQu\u00e9 son las cookies? Esta Pol\u00edtica de cookies explica qu\u00e9 son las cookies y c\u00f3mo las usamos, los tipos de cookies que utilizamos, es decir, la informaci\u00f3n que recopilamos mediante cookies y c\u00f3mo se usa esa informaci\u00f3n, y c\u00f3mo administrar la configuraci\u00f3n de las cookies.Las cookies [&hellip;]<\/p>\n","protected":false},"author":2,"featured_media":0,"parent":0,"menu_order":0,"comment_status":"closed","ping_status":"closed","template":"","meta":{"site-sidebar-layout":"no-sidebar","site-content-layout":"page-builder","ast-site-content-layout":"","site-content-style":"default","site-sidebar-style":"default","ast-global-header-display":"","ast-banner-title-visibility":"","ast-main-header-display":"","ast-hfb-above-header-display":"","ast-hfb-below-header-display":"","ast-hfb-mobile-header-display":"","site-post-title":"disabled","ast-breadcrumbs-content":"","ast-featured-img":"disabled","footer-sml-layout":"","theme-transparent-header-meta":"","adv-header-id-meta":"","stick-header-meta":"","header-above-stick-meta":"","header-main-stick-meta":"","header-below-stick-meta":"","astra-migrate-meta-layouts":"default","ast-page-background-enabled":"default","ast-page-background-meta":{"desktop":{"background-color":"","background-image":"","background-repeat":"repeat","background-position":"center center","background-size":"auto","background-attachment":"scroll","background-type":"","background-media":"","overlay-type":"","overlay-color":"","overlay-gradient":""},"tablet":{"background-color":"","background-image":"","background-repeat":"repeat","background-position":"center center","background-size":"auto","background-attachment":"scroll","background-type":"","background-media":"","overlay-type":"","overlay-color":"","overlay-gradient":""},"mobile":{"background-color":"","background-image":"","background-repeat":"repeat","background-position":"center center","background-size":"auto","background-attachment":"scroll","background-type":"","background-media":"","overlay-type":"","overlay-color":"","overlay-gradient":""}},"ast-content-background-meta":{"desktop":{"background-color":"var(--ast-global-color-5)","background-image":"","background-repeat":"repeat","background-position":"center center","background-size":"auto","background-attachment":"scroll","background-type":"","background-media":"","overlay-type":"","overlay-color":"","overlay-gradient":""},"tablet":{"background-color":"var(--ast-global-color-5)","background-image":"","background-repeat":"repeat","background-position":"center center","background-size":"auto","background-attachment":"scroll","background-type":"","background-media":"","overlay-type":"","overlay-color":"","overlay-gradient":""},"mobile":{"background-color":"var(--ast-global-color-5)","background-image":"","background-repeat":"repeat","background-position":"center center","background-size":"auto","background-attachment":"scroll","background-type":"","background-media":"","overlay-type":"","overlay-color":"","overlay-gradient":""}},"footnotes":""},"class_list":["post-4524","page","type-page","status-publish","hentry"],"yoast_head":"<!-- This site is optimized with the Yoast SEO plugin v27.1.1 - https:\/\/yoast.com\/product\/yoast-seo-wordpress\/ -->\n<title>Pol\u00edtica de Cookies - Hotel Golf Natura | Hotel en Port del Comte | Web Oficial<\/title>\n<meta name=\"description\" content=\"Pol\u00edtica de Cookies\" \/>\n<meta name=\"robots\" content=\"index, follow, max-snippet:-1, max-image-preview:large, max-video-preview:-1\" \/>\n<link rel=\"canonical\" href=\"https:\/\/hotelgolfnatura.com\/ca\/politica-de-cookies\/\" \/>\n<meta property=\"og:locale\" content=\"ca_ES\" \/>\n<meta property=\"og:type\" content=\"article\" \/>\n<meta property=\"og:title\" content=\"Pol\u00edtica de Cookies - Hotel Golf Natura | Hotel en Port del Comte | Web Oficial\" \/>\n<meta property=\"og:description\" content=\"Pol\u00edtica de Cookies\" \/>\n<meta property=\"og:url\" content=\"https:\/\/hotelgolfnatura.com\/ca\/politica-de-cookies\/\" \/>\n<meta property=\"og:site_name\" content=\"Hotel Golf Natura | Hotel en Port del Comte | Web Oficial\" \/>\n<meta property=\"article:modified_time\" content=\"2024-04-04T16:57:56+00:00\" \/>\n<meta name=\"twitter:card\" content=\"summary_large_image\" \/>\n<meta name=\"twitter:label1\" content=\"Temps estimat de lectura\" \/>\n\t<meta name=\"twitter:data1\" content=\"4 minuts\" \/>\n<script type=\"application\/ld+json\" class=\"yoast-schema-graph\">{\"@context\":\"https:\/\/schema.org\",\"@graph\":[{\"@type\":\"WebPage\",\"@id\":\"https:\/\/hotelgolfnatura.com\/politica-de-cookies\/\",\"url\":\"https:\/\/hotelgolfnatura.com\/politica-de-cookies\/\",\"name\":\"Pol\u00edtica de Cookies - Hotel Golf Natura | Hotel en Port del Comte | Web Oficial\",\"isPartOf\":{\"@id\":\"\/#website\"},\"datePublished\":\"2024-04-04T16:54:39+00:00\",\"dateModified\":\"2024-04-04T16:57:56+00:00\",\"description\":\"Pol\u00edtica de Cookies\",\"breadcrumb\":{\"@id\":\"https:\/\/hotelgolfnatura.com\/politica-de-cookies\/#breadcrumb\"},\"inLanguage\":\"ca\",\"potentialAction\":[{\"@type\":\"ReadAction\",\"target\":[\"https:\/\/hotelgolfnatura.com\/politica-de-cookies\/\"]}]},{\"@type\":\"BreadcrumbList\",\"@id\":\"https:\/\/hotelgolfnatura.com\/politica-de-cookies\/#breadcrumb\",\"itemListElement\":[{\"@type\":\"ListItem\",\"position\":1,\"name\":\"Portada\",\"item\":\"https:\/\/hotelgolfnatura.com\/\"},{\"@type\":\"ListItem\",\"position\":2,\"name\":\"Pol\u00edtica de Cookies\"}]},{\"@type\":\"WebSite\",\"@id\":\"\/#website\",\"url\":\"\/\",\"name\":\"Hotel Golf Natura | Hotel en Port del Comte | Web Oficial\",\"description\":\"El Hotel Golf Natura es un c\u00e1lido y familiar hotel de monta\u00f1a situado en plena naturaleza en Port del Comte, en la comarca del Solson\u00e9s.\",\"publisher\":{\"@id\":\"\/#organization\"},\"potentialAction\":[{\"@type\":\"SearchAction\",\"target\":{\"@type\":\"EntryPoint\",\"urlTemplate\":\"\/?s={search_term_string}\"},\"query-input\":{\"@type\":\"PropertyValueSpecification\",\"valueRequired\":true,\"valueName\":\"search_term_string\"}}],\"inLanguage\":\"ca\"},{\"@type\":\"Organization\",\"@id\":\"\/#organization\",\"name\":\"Hotel Golf Natura | Hotel en Port del Comte | Web Oficial\",\"url\":\"\/\",\"logo\":{\"@type\":\"ImageObject\",\"inLanguage\":\"ca\",\"@id\":\"\/#\/schema\/logo\/image\/\",\"url\":\"https:\/\/hotelgolfnatura.com\/wp-content\/uploads\/2023\/06\/logo-golf-natura-casa-dark-768x196-1.png\",\"contentUrl\":\"https:\/\/hotelgolfnatura.com\/wp-content\/uploads\/2023\/06\/logo-golf-natura-casa-dark-768x196-1.png\",\"width\":768,\"height\":196,\"caption\":\"Hotel Golf Natura | Hotel en Port del Comte | Web Oficial\"},\"image\":{\"@id\":\"\/#\/schema\/logo\/image\/\"}}]}<\/script>\n<!-- \/ Yoast SEO plugin. -->","yoast_head_json":{"title":"Pol\u00edtica de Cookies - Hotel Golf Natura | Hotel a Port del Comte | Web Oficial","description":"Pol\u00edtica de Cookies","robots":{"index":"index","follow":"follow","max-snippet":"max-snippet:-1","max-image-preview":"max-image-preview:large","max-video-preview":"max-video-preview:-1"},"canonical":"https:\/\/hotelgolfnatura.com\/ca\/politica-de-cookies\/","og_locale":"ca_ES","og_type":"article","og_title":"Pol\u00edtica de Cookies - Hotel Golf Natura | Hotel en Port del Comte | Web Oficial","og_description":"Pol\u00edtica de Cookies","og_url":"https:\/\/hotelgolfnatura.com\/ca\/politica-de-cookies\/","og_site_name":"Hotel Golf Natura | Hotel en Port del Comte | Web Oficial","article_modified_time":"2024-04-04T16:57:56+00:00","twitter_card":"summary_large_image","twitter_misc":{"Temps estimat de lectura":"4 minuts"},"schema":{"@context":"https:\/\/schema.org","@graph":[{"@type":"WebPage","@id":"https:\/\/hotelgolfnatura.com\/politica-de-cookies\/","url":"https:\/\/hotelgolfnatura.com\/politica-de-cookies\/","name":"Pol\u00edtica de Cookies - Hotel Golf Natura | Hotel a Port del Comte | Web Oficial","isPartOf":{"@id":"\/#website"},"datePublished":"2024-04-04T16:54:39+00:00","dateModified":"2024-04-04T16:57:56+00:00","description":"Pol\u00edtica de Cookies","breadcrumb":{"@id":"https:\/\/hotelgolfnatura.com\/politica-de-cookies\/#breadcrumb"},"inLanguage":"ca","potentialAction":[{"@type":"ReadAction","target":["https:\/\/hotelgolfnatura.com\/politica-de-cookies\/"]}]},{"@type":"BreadcrumbList","@id":"https:\/\/hotelgolfnatura.com\/politica-de-cookies\/#breadcrumb","itemListElement":[{"@type":"ListItem","position":1,"name":"Portada","item":"https:\/\/hotelgolfnatura.com\/"},{"@type":"ListItem","position":2,"name":"Pol\u00edtica de Cookies"}]},{"@type":"WebSite","@id":"\/#website","url":"\/","name":"Hotel Golf Natura | Hotel a Port del Comte | Web Oficial","description":"L&#039;Hotel Golf Natura \u00e9s un c\u00e0lid i familiar hotel de muntanya situat en plena natura a Port del Comte, a la comarca del Solson\u00e8s.","publisher":{"@id":"\/#organization"},"potentialAction":[{"@type":"SearchAction","target":{"@type":"EntryPoint","urlTemplate":"\/?s={search_term_string}"},"query-input":{"@type":"PropertyValueSpecification","valueRequired":true,"valueName":"search_term_string"}}],"inLanguage":"ca"},{"@type":"Organization","@id":"\/#organization","name":"Hotel Golf Natura | Hotel a Port del Comte | Web Oficial","url":"\/","logo":{"@type":"ImageObject","inLanguage":"ca","@id":"\/#\/schema\/logo\/image\/","url":"https:\/\/hotelgolfnatura.com\/wp-content\/uploads\/2023\/06\/logo-golf-natura-casa-dark-768x196-1.png","contentUrl":"https:\/\/hotelgolfnatura.com\/wp-content\/uploads\/2023\/06\/logo-golf-natura-casa-dark-768x196-1.png","width":768,"height":196,"caption":"Hotel Golf Natura | Hotel en Port del Comte | Web Oficial"},"image":{"@id":"\/#\/schema\/logo\/image\/"}}]}},"_links":{"self":[{"href":"https:\/\/hotelgolfnatura.com\/ca\/wp-json\/wp\/v2\/pages\/4524","targetHints":{"allow":["GET"]}}],"collection":[{"href":"https:\/\/hotelgolfnatura.com\/ca\/wp-json\/wp\/v2\/pages"}],"about":[{"href":"https:\/\/hotelgolfnatura.com\/ca\/wp-json\/wp\/v2\/types\/page"}],"author":[{"embeddable":true,"href":"https:\/\/hotelgolfnatura.com\/ca\/wp-json\/wp\/v2\/users\/2"}],"replies":[{"embeddable":true,"href":"https:\/\/hotelgolfnatura.com\/ca\/wp-json\/wp\/v2\/comments?post=4524"}],"version-history":[{"count":10,"href":"https:\/\/hotelgolfnatura.com\/ca\/wp-json\/wp\/v2\/pages\/4524\/revisions"}],"predecessor-version":[{"id":4534,"href":"https:\/\/hotelgolfnatura.com\/ca\/wp-json\/wp\/v2\/pages\/4524\/revisions\/4534"}],"wp:attachment":[{"href":"https:\/\/hotelgolfnatura.com\/ca\/wp-json\/wp\/v2\/media?parent=4524"}],"curies":[{"name":"wp","href":"https:\/\/api.w.org\/{rel}","templated":true}]}}