{"id":3,"date":"2022-06-04T14:51:19","date_gmt":"2022-06-04T14:51:19","guid":{"rendered":"https:\/\/hotelgolfnatura.com?page_id=3"},"modified":"2023-12-11T15:17:07","modified_gmt":"2023-12-11T15:17:07","slug":"aviso-legal","status":"publish","type":"page","link":"https:\/\/hotelgolfnatura.com\/ca\/aviso-legal\/","title":{"rendered":"Av\u00eds Legal"},"content":{"rendered":"<div data-elementor-type=\"wp-page\" data-elementor-id=\"3\" class=\"elementor elementor-3\" data-elementor-post-type=\"page\">\n\t\t\t\t\t\t<section class=\"elementor-section elementor-top-section elementor-element elementor-element-752ce17d elementor-section-boxed elementor-section-height-default elementor-section-height-default\" data-id=\"752ce17d\" data-element_type=\"section\" data-e-type=\"section\">\n\t\t\t\t\t\t<div class=\"elementor-container elementor-column-gap-default\">\n\t\t\t\t\t<div class=\"elementor-column elementor-col-100 elementor-top-column elementor-element elementor-element-687de1a1\" data-id=\"687de1a1\" data-element_type=\"column\" data-e-type=\"column\">\n\t\t\t<div class=\"elementor-widget-wrap elementor-element-populated\">\n\t\t\t\t\t\t<div class=\"elementor-element elementor-element-309613ba elementor-widget elementor-widget-text-editor\" data-id=\"309613ba\" data-element_type=\"widget\" data-e-type=\"widget\" data-widget_type=\"text-editor.default\">\n\t\t\t\t<div class=\"elementor-widget-container\">\n\t\t\t\t\t\t\t\t\t<p><\/p>\n<h1 class=\"wp-block-heading\">Av\u00eds Legal<\/h1>\n<p><\/p>\n<h3 class=\"wp-block-heading\"><strong>Identificaci\u00f3<\/strong><\/h3>\n<p><\/p>\n<p>Aquest Av\u00eds Legal ha estat creat per Hotel Golf Natura, SL, (el titular) amb CIF B25673765, domicili a&nbsp;<span style=\"background-color: var(--ast-global-color-5);\">Pujada Camp de Golf, 9&nbsp;<\/span><span style=\"background-color: var(--ast-global-color-5);\">Lleida -Espanya&nbsp;<\/span><span style=\"font-style: inherit; font-weight: inherit; color: var(--ast-global-color-3); background-color: var(--ast-global-color-5);\">La Coma I La Pedra&nbsp;<\/span><span style=\"font-style: inherit; font-weight: inherit; color: var(--ast-global-color-3); background-color: var(--ast-global-color-5);\">25284<\/span><span style=\"font-style: inherit; font-weight: inherit; background-color: var(--ast-global-color-5); color: var(--ast-global-color-3);\">&nbsp;i e-mail info@hotelgolfnatura.com.<\/span><\/p>\n<p><\/p>\n<h3 class=\"wp-block-heading\"><strong>Propietat Intel\u00b7lectual<\/strong><\/h3>\n<p><\/p>\n<p>El Titular \u00e9s propietari en exclusiva de tots els continguts del lloc web hotelgolfnatura.com\/: textos, gr\u00e0fics, imatges, logotips, fitxers de programari, colors, estructura, selecci\u00f3, ordenaci\u00f3 i presentaci\u00f3 de continguts, el programa d&#039;ordinador per a la seva creaci\u00f3 i el seu funcionament; i est\u00e0 totalment prohibida la reproducci\u00f3 total i\/o parcial, comunicaci\u00f3 p\u00fablica i emmagatzematge d&#039;aquesta p\u00e0gina i de qualsevol altre material i\/o element que la integri protegit per la Llei de propietat intel\u00b7lectual, sense obtenir el consentiment previ del titular.<\/p>\n<p><\/p>\n<h3 class=\"wp-block-heading\"><strong>Condicions generals d\u00fas<\/strong><\/h3>\n<p><\/p>\n<p>L&#039;usuari de la p\u00e0gina web (d&#039;ara endavant l&#039;usuari) accepta plenament i sense reserves les disposicions incloses en aquest Av\u00eds Legal, a la versi\u00f3 publicada pel Titular en el moment mateix en qu\u00e8 l&#039;usuari accedeixi a la p\u00e0gina web.<\/p>\n<p>La p\u00e0gina web pot ser visitada lliurement i l&#039;usuari es compromet a utilitzar els seus continguts i serveis de conformitat amb la Llei i aquest Av\u00eds Legal. A aquest efecte, l&#039;usuari s&#039;abstindr\u00e0 de fer servir la p\u00e0gina web amb fins o efectes il\u00b7l\u00edcits, prohibits i lesius dels drets i interessos de tercers.<\/p>\n<p>Est\u00e0 prohibit fer un mal \u00fas del servei del lloc web utilitzant-lo per enviar correus no desitjats, insultar, assetjar o violar altrament les Condicions d&#039;\u00fas o la Pol\u00edtica de privadesa.<\/p>\n<p>El Titular no es responsabilitza de les opinions o comentaris dels usuaris, dels errors o omissions, dels continguts de la Web o altres continguts, als quals es pugui accedir a trav\u00e9s d&#039;aquesta, ni dels danys derivats de la utilitzaci\u00f3 de la Web, ni per qualsevol actuaci\u00f3 realitzada sobre la base de la informaci\u00f3 facilitada a la Web.<\/p>\n<p>El Titular no garanteix l&#039;abs\u00e8ncia de virus o altres elements lesius que puguin causar danys o alteracions al sistema inform\u00e0tic, als documents electr\u00f2nics o als fitxers de l&#039;usuari del Web; tampoc no \u00e9s responsable dels danys i perjudicis, que aquests elements poguessin ocasionar a l&#039;usuari o tercers.<\/p>\n<p>El contingut de la p\u00e0gina web podr\u00e0 ser modificat, ampliat o suprimit en qualsevol moment, sense av\u00eds previ.<\/p>\n<p>El Titular es reserva el dret d&#039;actualitzar els continguts de la p\u00e0gina web i eliminar-los, aix\u00ed com de limitar-ne i impedir-ne l&#039;acc\u00e9s, ja sigui temporalment o definitivament, sense notificaci\u00f3 pr\u00e8via.<\/p>\n<p><strong style=\"font-size: 1.5em;\">Seguretat<\/strong><\/p>\n<p><\/p>\n<p>La informaci\u00f3 personal facilitada ser\u00e0 protegida amb els est\u00e0ndards i la tecnologia del sector. Com que Internet no \u00e9s un entorn totalment segur, no es pot garantir la seguretat de qualsevol informaci\u00f3 que es transmeti a la web.<\/p>\n<p>L&#039;usuari \u00e9s el responsable de mantenir la confidencialitat de la pr\u00f2pia contrasenya \u00fanica i de la informaci\u00f3 del vostre compte, aix\u00ed com de controlar l&#039;acc\u00e9s a les vostres comunicacions electr\u00f2niques en tot moment.<\/p>\n<p><\/p>\n<h3 class=\"wp-block-heading\"><strong>Protecci\u00f3 de dades personals<\/strong><\/h3>\n<p><\/p>\n<p>De conformitat al que estableix el Reglament Europeu de Protecci\u00f3 de Dades (Reglament UE 2016\/679), us informem que les dades personals facilitades a trav\u00e9s d&#039;aquest lloc web, seran tractades per Hotel Golf Natura, SL en base al seu consentiment i per realitzar la gesti\u00f3 sol\u00b7licitada, contestar la vostra sol\u00b7licitud i l&#039;enviament d&#039;informaci\u00f3 del vostre inter\u00e8s.<\/p>\n<p>Les dades personals seran conservades durant el temps que estableixi la legislaci\u00f3 vigent o quan se sol\u00b7licite la supressi\u00f3. No seran cedits a tercers a excepci\u00f3 dels sup\u00f2sits previstos per la llei. No hi ha la transfer\u00e8ncia internacional de dades.<\/p>\n<p>Podeu exercir els drets d&#039;acc\u00e9s, rectificaci\u00f3, cancel\u00b7laci\u00f3, limitaci\u00f3, portabilitat i oposici\u00f3, escrivint a Hotel Golf Natura, SL, amb domicili a&nbsp;<span style=\"background-color: var(--ast-global-color-5);\">Pujada Camp de Golf, 9<\/span><span style=\"background-color: var(--ast-global-color-5); white-space: pre;\">\t<\/span><span style=\"background-color: var(--ast-global-color-5);\">Lleida -Espanya&nbsp;<\/span><span style=\"font-style: inherit; font-weight: inherit; color: var(--ast-global-color-3); background-color: var(--ast-global-color-5);\">La Coma I La Pedra&nbsp;<\/span><span style=\"font-style: inherit; font-weight: inherit; color: var(--ast-global-color-3); background-color: var(--ast-global-color-5);\">25284&nbsp;<\/span><span style=\"font-style: inherit; font-weight: inherit; background-color: var(--ast-global-color-5); color: var(--ast-global-color-3);\">o per e-mail a info@hotelgolfnatura.com\/. Tamb\u00e9 podeu exercir la tutela dels vostres drets davant l&#039;Ag\u00e8ncia Espanyola de Protecci\u00f3 de Dades.<\/span><\/p>\n<p><\/p>\n<h3 class=\"wp-block-heading\"><strong>Llei aplicable i jurisdicci\u00f3<\/strong><\/h3>\n<p><\/p>\n<p>Aquestes Condicions Generals es regeixen per la legislaci\u00f3 espanyola. Per a la resoluci\u00f3 de qualsevol conflicte derivat del present Av\u00eds legal, les parts acorden sotmetre&#039;s, de forma lliure i amb ren\u00fancia a qualsevol altre fur o jurisdicci\u00f3 a qu\u00e8 poguessin tenir dret, als jutjats i tribunals de la ciutat d&#039;Hotel Golf Natura, SL<\/p>\n<p><\/p>\t\t\t\t\t\t\t\t<\/div>\n\t\t\t\t<\/div>\n\t\t\t\t\t<\/div>\n\t\t<\/div>\n\t\t\t\t\t<\/div>\n\t\t<\/section>\n\t\t\t\t<\/div>","protected":false},"excerpt":{"rendered":"<p>Aviso Legal Identificaci\u00f3n Este Aviso Legal ha sido creado por Hotel Golf Natura, SL, (el titular) con CIF B25673765, domicilio en&nbsp;Pujada Camp de Golf, 9&nbsp;Lleida -Espa\u00f1a&nbsp;La Coma I La Pedra&nbsp;25284&nbsp;y e-mail info@hotelgolfnatura.com. Propiedad Intelectual El Titular es propietario &nbsp;en exclusiva de todos los contenidos del sitio Web&nbsp;hotelgolfnatura.com\/: textos, gr\u00e1ficos, im\u00e1genes, logotipos, archivos de sotfware, colores, [&hellip;]<\/p>\n","protected":false},"author":2,"featured_media":0,"parent":0,"menu_order":0,"comment_status":"closed","ping_status":"closed","template":"","meta":{"site-sidebar-layout":"default","site-content-layout":"","ast-site-content-layout":"","site-content-style":"default","site-sidebar-style":"default","ast-global-header-display":"","ast-banner-title-visibility":"","ast-main-header-display":"","ast-hfb-above-header-display":"","ast-hfb-below-header-display":"","ast-hfb-mobile-header-display":"","site-post-title":"disabled","ast-breadcrumbs-content":"","ast-featured-img":"","footer-sml-layout":"","theme-transparent-header-meta":"","adv-header-id-meta":"","stick-header-meta":"","header-above-stick-meta":"","header-main-stick-meta":"","header-below-stick-meta":"","astra-migrate-meta-layouts":"default","ast-page-background-enabled":"default","ast-page-background-meta":{"desktop":{"background-color":"","background-image":"","background-repeat":"repeat","background-position":"center center","background-size":"auto","background-attachment":"scroll","background-type":"","background-media":"","overlay-type":"","overlay-color":"","overlay-gradient":""},"tablet":{"background-color":"","background-image":"","background-repeat":"repeat","background-position":"center center","background-size":"auto","background-attachment":"scroll","background-type":"","background-media":"","overlay-type":"","overlay-color":"","overlay-gradient":""},"mobile":{"background-color":"","background-image":"","background-repeat":"repeat","background-position":"center center","background-size":"auto","background-attachment":"scroll","background-type":"","background-media":"","overlay-type":"","overlay-color":"","overlay-gradient":""}},"ast-content-background-meta":{"desktop":{"background-color":"var(--ast-global-color-5)","background-image":"","background-repeat":"repeat","background-position":"center center","background-size":"auto","background-attachment":"scroll","background-type":"","background-media":"","overlay-type":"","overlay-color":"","overlay-gradient":""},"tablet":{"background-color":"var(--ast-global-color-5)","background-image":"","background-repeat":"repeat","background-position":"center center","background-size":"auto","background-attachment":"scroll","background-type":"","background-media":"","overlay-type":"","overlay-color":"","overlay-gradient":""},"mobile":{"background-color":"var(--ast-global-color-5)","background-image":"","background-repeat":"repeat","background-position":"center center","background-size":"auto","background-attachment":"scroll","background-type":"","background-media":"","overlay-type":"","overlay-color":"","overlay-gradient":""}},"footnotes":""},"class_list":["post-3","page","type-page","status-publish","hentry"],"yoast_head":"<!-- This site is optimized with the Yoast SEO plugin v27.1.1 - https:\/\/yoast.com\/product\/yoast-seo-wordpress\/ -->\n<title>Aviso Legal - Hotel Golf Natura | Hotel en Port del Comte | Web Oficial<\/title>\n<meta name=\"robots\" content=\"index, follow, max-snippet:-1, max-image-preview:large, max-video-preview:-1\" \/>\n<link rel=\"canonical\" href=\"https:\/\/hotelgolfnatura.com\/ca\/aviso-legal\/\" \/>\n<meta property=\"og:locale\" content=\"ca_ES\" \/>\n<meta property=\"og:type\" content=\"article\" \/>\n<meta property=\"og:title\" content=\"Aviso Legal - Hotel Golf Natura | Hotel en Port del Comte | Web Oficial\" \/>\n<meta property=\"og:description\" content=\"Aviso Legal Identificaci\u00f3n Este Aviso Legal ha sido creado por Hotel Golf Natura, SL, (el titular) con CIF B25673765, domicilio en&nbsp;Pujada Camp de Golf, 9&nbsp;Lleida -Espa\u00f1a&nbsp;La Coma I La Pedra&nbsp;25284&nbsp;y e-mail info@hotelgolfnatura.com. Propiedad Intelectual El Titular es propietario &nbsp;en exclusiva de todos los contenidos del sitio Web&nbsp;hotelgolfnatura.com\/: textos, gr\u00e1ficos, im\u00e1genes, logotipos, archivos de sotfware, colores, [&hellip;]\" \/>\n<meta property=\"og:url\" content=\"https:\/\/hotelgolfnatura.com\/ca\/aviso-legal\/\" \/>\n<meta property=\"og:site_name\" content=\"Hotel Golf Natura | Hotel en Port del Comte | Web Oficial\" \/>\n<meta property=\"article:modified_time\" content=\"2023-12-11T15:17:07+00:00\" \/>\n<meta name=\"twitter:card\" content=\"summary_large_image\" \/>\n<meta name=\"twitter:label1\" content=\"Temps estimat de lectura\" \/>\n\t<meta name=\"twitter:data1\" content=\"4 minuts\" \/>\n<script type=\"application\/ld+json\" class=\"yoast-schema-graph\">{\"@context\":\"https:\/\/schema.org\",\"@graph\":[{\"@type\":\"WebPage\",\"@id\":\"https:\/\/hotelgolfnatura.com\/aviso-legal\/\",\"url\":\"https:\/\/hotelgolfnatura.com\/aviso-legal\/\",\"name\":\"Aviso Legal - Hotel Golf Natura | Hotel en Port del Comte | Web Oficial\",\"isPartOf\":{\"@id\":\"\/#website\"},\"datePublished\":\"2022-06-04T14:51:19+00:00\",\"dateModified\":\"2023-12-11T15:17:07+00:00\",\"breadcrumb\":{\"@id\":\"https:\/\/hotelgolfnatura.com\/aviso-legal\/#breadcrumb\"},\"inLanguage\":\"ca\",\"potentialAction\":[{\"@type\":\"ReadAction\",\"target\":[\"https:\/\/hotelgolfnatura.com\/aviso-legal\/\"]}]},{\"@type\":\"BreadcrumbList\",\"@id\":\"https:\/\/hotelgolfnatura.com\/aviso-legal\/#breadcrumb\",\"itemListElement\":[{\"@type\":\"ListItem\",\"position\":1,\"name\":\"Portada\",\"item\":\"https:\/\/hotelgolfnatura.com\/\"},{\"@type\":\"ListItem\",\"position\":2,\"name\":\"Aviso Legal\"}]},{\"@type\":\"WebSite\",\"@id\":\"\/#website\",\"url\":\"\/\",\"name\":\"Hotel Golf Natura | Hotel en Port del Comte | Web Oficial\",\"description\":\"El Hotel Golf Natura es un c\u00e1lido y familiar hotel de monta\u00f1a situado en plena naturaleza en Port del Comte, en la comarca del Solson\u00e9s.\",\"publisher\":{\"@id\":\"\/#organization\"},\"potentialAction\":[{\"@type\":\"SearchAction\",\"target\":{\"@type\":\"EntryPoint\",\"urlTemplate\":\"\/?s={search_term_string}\"},\"query-input\":{\"@type\":\"PropertyValueSpecification\",\"valueRequired\":true,\"valueName\":\"search_term_string\"}}],\"inLanguage\":\"ca\"},{\"@type\":\"Organization\",\"@id\":\"\/#organization\",\"name\":\"Hotel Golf Natura | Hotel en Port del Comte | Web Oficial\",\"url\":\"\/\",\"logo\":{\"@type\":\"ImageObject\",\"inLanguage\":\"ca\",\"@id\":\"\/#\/schema\/logo\/image\/\",\"url\":\"https:\/\/hotelgolfnatura.com\/wp-content\/uploads\/2023\/06\/logo-golf-natura-casa-dark-768x196-1.png\",\"contentUrl\":\"https:\/\/hotelgolfnatura.com\/wp-content\/uploads\/2023\/06\/logo-golf-natura-casa-dark-768x196-1.png\",\"width\":768,\"height\":196,\"caption\":\"Hotel Golf Natura | Hotel en Port del Comte | Web Oficial\"},\"image\":{\"@id\":\"\/#\/schema\/logo\/image\/\"}}]}<\/script>\n<!-- \/ Yoast SEO plugin. -->","yoast_head_json":{"title":"Av\u00eds Legal - Hotel Golf Natura | Hotel a Port del Comte | Web Oficial","robots":{"index":"index","follow":"follow","max-snippet":"max-snippet:-1","max-image-preview":"max-image-preview:large","max-video-preview":"max-video-preview:-1"},"canonical":"https:\/\/hotelgolfnatura.com\/ca\/aviso-legal\/","og_locale":"ca_ES","og_type":"article","og_title":"Aviso Legal - Hotel Golf Natura | Hotel en Port del Comte | Web Oficial","og_description":"Aviso Legal Identificaci\u00f3n Este Aviso Legal ha sido creado por Hotel Golf Natura, SL, (el titular) con CIF B25673765, domicilio en&nbsp;Pujada Camp de Golf, 9&nbsp;Lleida -Espa\u00f1a&nbsp;La Coma I La Pedra&nbsp;25284&nbsp;y e-mail info@hotelgolfnatura.com. Propiedad Intelectual El Titular es propietario &nbsp;en exclusiva de todos los contenidos del sitio Web&nbsp;hotelgolfnatura.com\/: textos, gr\u00e1ficos, im\u00e1genes, logotipos, archivos de sotfware, colores, [&hellip;]","og_url":"https:\/\/hotelgolfnatura.com\/ca\/aviso-legal\/","og_site_name":"Hotel Golf Natura | Hotel en Port del Comte | Web Oficial","article_modified_time":"2023-12-11T15:17:07+00:00","twitter_card":"summary_large_image","twitter_misc":{"Temps estimat de lectura":"4 minuts"},"schema":{"@context":"https:\/\/schema.org","@graph":[{"@type":"WebPage","@id":"https:\/\/hotelgolfnatura.com\/aviso-legal\/","url":"https:\/\/hotelgolfnatura.com\/aviso-legal\/","name":"Av\u00eds Legal - Hotel Golf Natura | Hotel a Port del Comte | Web Oficial","isPartOf":{"@id":"\/#website"},"datePublished":"2022-06-04T14:51:19+00:00","dateModified":"2023-12-11T15:17:07+00:00","breadcrumb":{"@id":"https:\/\/hotelgolfnatura.com\/aviso-legal\/#breadcrumb"},"inLanguage":"ca","potentialAction":[{"@type":"ReadAction","target":["https:\/\/hotelgolfnatura.com\/aviso-legal\/"]}]},{"@type":"BreadcrumbList","@id":"https:\/\/hotelgolfnatura.com\/aviso-legal\/#breadcrumb","itemListElement":[{"@type":"ListItem","position":1,"name":"Portada","item":"https:\/\/hotelgolfnatura.com\/"},{"@type":"ListItem","position":2,"name":"Aviso Legal"}]},{"@type":"WebSite","@id":"\/#website","url":"\/","name":"Hotel Golf Natura | Hotel a Port del Comte | Web Oficial","description":"L&#039;Hotel Golf Natura \u00e9s un c\u00e0lid i familiar hotel de muntanya situat en plena natura a Port del Comte, a la comarca del Solson\u00e8s.","publisher":{"@id":"\/#organization"},"potentialAction":[{"@type":"SearchAction","target":{"@type":"EntryPoint","urlTemplate":"\/?s={search_term_string}"},"query-input":{"@type":"PropertyValueSpecification","valueRequired":true,"valueName":"search_term_string"}}],"inLanguage":"ca"},{"@type":"Organization","@id":"\/#organization","name":"Hotel Golf Natura | Hotel a Port del Comte | Web Oficial","url":"\/","logo":{"@type":"ImageObject","inLanguage":"ca","@id":"\/#\/schema\/logo\/image\/","url":"https:\/\/hotelgolfnatura.com\/wp-content\/uploads\/2023\/06\/logo-golf-natura-casa-dark-768x196-1.png","contentUrl":"https:\/\/hotelgolfnatura.com\/wp-content\/uploads\/2023\/06\/logo-golf-natura-casa-dark-768x196-1.png","width":768,"height":196,"caption":"Hotel Golf Natura | Hotel en Port del Comte | Web Oficial"},"image":{"@id":"\/#\/schema\/logo\/image\/"}}]}},"_links":{"self":[{"href":"https:\/\/hotelgolfnatura.com\/ca\/wp-json\/wp\/v2\/pages\/3","targetHints":{"allow":["GET"]}}],"collection":[{"href":"https:\/\/hotelgolfnatura.com\/ca\/wp-json\/wp\/v2\/pages"}],"about":[{"href":"https:\/\/hotelgolfnatura.com\/ca\/wp-json\/wp\/v2\/types\/page"}],"author":[{"embeddable":true,"href":"https:\/\/hotelgolfnatura.com\/ca\/wp-json\/wp\/v2\/users\/2"}],"replies":[{"embeddable":true,"href":"https:\/\/hotelgolfnatura.com\/ca\/wp-json\/wp\/v2\/comments?post=3"}],"version-history":[{"count":16,"href":"https:\/\/hotelgolfnatura.com\/ca\/wp-json\/wp\/v2\/pages\/3\/revisions"}],"predecessor-version":[{"id":4210,"href":"https:\/\/hotelgolfnatura.com\/ca\/wp-json\/wp\/v2\/pages\/3\/revisions\/4210"}],"wp:attachment":[{"href":"https:\/\/hotelgolfnatura.com\/ca\/wp-json\/wp\/v2\/media?parent=3"}],"curies":[{"name":"wp","href":"https:\/\/api.w.org\/{rel}","templated":true}]}}